{"id":90208,"date":"2020-11-02T11:57:37","date_gmt":"2020-11-02T11:57:37","guid":{"rendered":"https:\/\/www.merit.ee\/online-accounting-software-that-makes-your-job-easier\/"},"modified":"2023-12-21T11:06:41","modified_gmt":"2023-12-21T09:06:41","slug":"overview","status":"publish","type":"page","link":"https:\/\/www.merit.ee\/en\/merit-aktiva\/overview\/","title":{"rendered":"Overview"},"content":{"rendered":"","protected":false},"excerpt":{"rendered":"","protected":false},"author":11,"featured_media":87463,"parent":91262,"menu_order":20,"comment_status":"closed","ping_status":"closed","template":"","meta":{"_acf_changed":false,"footnotes":""},"class_list":["post-90208","page","type-page","status-publish","has-post-thumbnail","hentry"],"acf":[],"yoast_head":"<!-- This site is optimized with the Yoast SEO Premium plugin v27.1 (Yoast SEO v27.1.1) - https:\/\/yoast.com\/product\/yoast-seo-premium-wordpress\/ -->\n<title>Accounting software for accountants and entrepreneurs - Merit Aktiva<\/title>\n<meta name=\"description\" content=\"Merit Aktiva automaatsed lahendused aitavad ka k\u00f5ige kogenumatel professionaalidel oma \u00fclesandeid kiiremini, kvaliteetsemalt ja t\u00f5husamalt t\u00e4ita.\" \/>\n<meta name=\"robots\" content=\"index, follow, max-snippet:-1, max-image-preview:large, max-video-preview:-1\" \/>\n<link rel=\"canonical\" href=\"https:\/\/www.merit.ee\/en\/merit-aktiva\/overview\/\" \/>\n<meta property=\"og:locale\" content=\"en_US\" \/>\n<meta property=\"og:type\" content=\"article\" \/>\n<meta property=\"og:title\" content=\"Overview\" \/>\n<meta property=\"og:description\" content=\"Merit Aktiva automaatsed lahendused aitavad ka k\u00f5ige kogenumatel professionaalidel oma \u00fclesandeid kiiremini, kvaliteetsemalt ja t\u00f5husamalt t\u00e4ita.\" \/>\n<meta property=\"og:url\" content=\"https:\/\/www.merit.ee\/en\/merit-aktiva\/overview\/\" \/>\n<meta property=\"og:site_name\" content=\"Merit Tarkvara\" \/>\n<meta property=\"article:publisher\" content=\"https:\/\/www.facebook.com\/Merit.Tarkvara\/\" \/>\n<meta property=\"article:modified_time\" content=\"2023-12-21T09:06:41+00:00\" \/>\n<meta property=\"og:image\" content=\"https:\/\/www.merit.ee\/wp-content\/uploads\/2020\/09\/merit_tarkvara_featured.png\" \/>\n\t<meta property=\"og:image:width\" content=\"1024\" \/>\n\t<meta property=\"og:image:height\" content=\"628\" \/>\n\t<meta property=\"og:image:type\" content=\"image\/png\" \/>\n<meta name=\"twitter:card\" content=\"summary_large_image\" \/>\n<script type=\"application\/ld+json\" class=\"yoast-schema-graph\">{\"@context\":\"https:\/\/schema.org\",\"@graph\":[{\"@type\":\"WebPage\",\"@id\":\"https:\/\/www.merit.ee\/en\/merit-aktiva\/overview\/\",\"url\":\"https:\/\/www.merit.ee\/en\/merit-aktiva\/overview\/\",\"name\":\"Accounting software for accountants and entrepreneurs - Merit Aktiva\",\"isPartOf\":{\"@id\":\"https:\/\/www.merit.ee\/en\/#website\"},\"primaryImageOfPage\":{\"@id\":\"https:\/\/www.merit.ee\/en\/merit-aktiva\/overview\/#primaryimage\"},\"image\":{\"@id\":\"https:\/\/www.merit.ee\/en\/merit-aktiva\/overview\/#primaryimage\"},\"thumbnailUrl\":\"https:\/\/www.merit.ee\/wp-content\/uploads\/2020\/09\/merit_tarkvara_featured.png\",\"datePublished\":\"2020-11-02T11:57:37+00:00\",\"dateModified\":\"2023-12-21T09:06:41+00:00\",\"description\":\"Merit Aktiva automaatsed lahendused aitavad ka k\u00f5ige kogenumatel professionaalidel oma \u00fclesandeid kiiremini, kvaliteetsemalt ja t\u00f5husamalt t\u00e4ita.\",\"breadcrumb\":{\"@id\":\"https:\/\/www.merit.ee\/en\/merit-aktiva\/overview\/#breadcrumb\"},\"inLanguage\":\"en-US\",\"potentialAction\":[{\"@type\":\"ReadAction\",\"target\":[\"https:\/\/www.merit.ee\/en\/merit-aktiva\/overview\/\"]}]},{\"@type\":\"ImageObject\",\"inLanguage\":\"en-US\",\"@id\":\"https:\/\/www.merit.ee\/en\/merit-aktiva\/overview\/#primaryimage\",\"url\":\"https:\/\/www.merit.ee\/wp-content\/uploads\/2020\/09\/merit_tarkvara_featured.png\",\"contentUrl\":\"https:\/\/www.merit.ee\/wp-content\/uploads\/2020\/09\/merit_tarkvara_featured.png\",\"width\":1024,\"height\":628,\"caption\":\"Raamatupidamisprogramm\"},{\"@type\":\"BreadcrumbList\",\"@id\":\"https:\/\/www.merit.ee\/en\/merit-aktiva\/overview\/#breadcrumb\",\"itemListElement\":[{\"@type\":\"ListItem\",\"position\":1,\"name\":\"Home\",\"item\":\"https:\/\/www.merit.ee\/en\/\"},{\"@type\":\"ListItem\",\"position\":2,\"name\":\"Merit Aktiva\",\"item\":\"https:\/\/www.merit.ee\/en\/merit-aktiva\/\"},{\"@type\":\"ListItem\",\"position\":3,\"name\":\"Overview\"}]},{\"@type\":\"WebSite\",\"@id\":\"https:\/\/www.merit.ee\/en\/#website\",\"url\":\"https:\/\/www.merit.ee\/en\/\",\"name\":\"Merit Tarkvara\",\"description\":\"Helppok\u00e4ytt\u00f6inen kirjanpito-ohjelma yritt\u00e4jille ja kirjanpit\u00e4jille. Ohjelmaa k\u00e4ytet\u00e4\u00e4n yli 65 000 yrityksen kirjanpitoon ja k\u00e4yt\u00f6n voi aloittaa ilmaiseksi!\",\"publisher\":{\"@id\":\"https:\/\/www.merit.ee\/en\/#organization\"},\"potentialAction\":[{\"@type\":\"SearchAction\",\"target\":{\"@type\":\"EntryPoint\",\"urlTemplate\":\"https:\/\/www.merit.ee\/en\/?s={search_term_string}\"},\"query-input\":{\"@type\":\"PropertyValueSpecification\",\"valueRequired\":true,\"valueName\":\"search_term_string\"}}],\"inLanguage\":\"en-US\"},{\"@type\":\"Organization\",\"@id\":\"https:\/\/www.merit.ee\/en\/#organization\",\"name\":\"Merit Tarkvara\",\"url\":\"https:\/\/www.merit.ee\/en\/\",\"logo\":{\"@type\":\"ImageObject\",\"inLanguage\":\"en-US\",\"@id\":\"https:\/\/www.merit.ee\/en\/#\/schema\/logo\/image\/\",\"url\":\"https:\/\/www.merit.ee\/wp-content\/uploads\/2022\/09\/Merit_tarkvara_logo_RGB.png\",\"contentUrl\":\"https:\/\/www.merit.ee\/wp-content\/uploads\/2022\/09\/Merit_tarkvara_logo_RGB.png\",\"width\":1891,\"height\":568,\"caption\":\"Merit Tarkvara\"},\"image\":{\"@id\":\"https:\/\/www.merit.ee\/en\/#\/schema\/logo\/image\/\"},\"sameAs\":[\"https:\/\/www.facebook.com\/Merit.Tarkvara\/\"]}]}<\/script>\n<!-- \/ Yoast SEO Premium plugin. -->","yoast_head_json":{"title":"Accounting software for accountants and entrepreneurs - Merit Aktiva","description":"Merit Aktiva automaatsed lahendused aitavad ka k\u00f5ige kogenumatel professionaalidel oma \u00fclesandeid kiiremini, kvaliteetsemalt ja t\u00f5husamalt t\u00e4ita.","robots":{"index":"index","follow":"follow","max-snippet":"max-snippet:-1","max-image-preview":"max-image-preview:large","max-video-preview":"max-video-preview:-1"},"canonical":"https:\/\/www.merit.ee\/en\/merit-aktiva\/overview\/","og_locale":"en_US","og_type":"article","og_title":"Overview","og_description":"Merit Aktiva automaatsed lahendused aitavad ka k\u00f5ige kogenumatel professionaalidel oma \u00fclesandeid kiiremini, kvaliteetsemalt ja t\u00f5husamalt t\u00e4ita.","og_url":"https:\/\/www.merit.ee\/en\/merit-aktiva\/overview\/","og_site_name":"Merit Tarkvara","article_publisher":"https:\/\/www.facebook.com\/Merit.Tarkvara\/","article_modified_time":"2023-12-21T09:06:41+00:00","og_image":[{"width":1024,"height":628,"url":"https:\/\/www.merit.ee\/wp-content\/uploads\/2020\/09\/merit_tarkvara_featured.png","type":"image\/png"}],"twitter_card":"summary_large_image","schema":{"@context":"https:\/\/schema.org","@graph":[{"@type":"WebPage","@id":"https:\/\/www.merit.ee\/en\/merit-aktiva\/overview\/","url":"https:\/\/www.merit.ee\/en\/merit-aktiva\/overview\/","name":"Accounting software for accountants and entrepreneurs - Merit Aktiva","isPartOf":{"@id":"https:\/\/www.merit.ee\/en\/#website"},"primaryImageOfPage":{"@id":"https:\/\/www.merit.ee\/en\/merit-aktiva\/overview\/#primaryimage"},"image":{"@id":"https:\/\/www.merit.ee\/en\/merit-aktiva\/overview\/#primaryimage"},"thumbnailUrl":"https:\/\/www.merit.ee\/wp-content\/uploads\/2020\/09\/merit_tarkvara_featured.png","datePublished":"2020-11-02T11:57:37+00:00","dateModified":"2023-12-21T09:06:41+00:00","description":"Merit Aktiva automaatsed lahendused aitavad ka k\u00f5ige kogenumatel professionaalidel oma \u00fclesandeid kiiremini, kvaliteetsemalt ja t\u00f5husamalt t\u00e4ita.","breadcrumb":{"@id":"https:\/\/www.merit.ee\/en\/merit-aktiva\/overview\/#breadcrumb"},"inLanguage":"en-US","potentialAction":[{"@type":"ReadAction","target":["https:\/\/www.merit.ee\/en\/merit-aktiva\/overview\/"]}]},{"@type":"ImageObject","inLanguage":"en-US","@id":"https:\/\/www.merit.ee\/en\/merit-aktiva\/overview\/#primaryimage","url":"https:\/\/www.merit.ee\/wp-content\/uploads\/2020\/09\/merit_tarkvara_featured.png","contentUrl":"https:\/\/www.merit.ee\/wp-content\/uploads\/2020\/09\/merit_tarkvara_featured.png","width":1024,"height":628,"caption":"Raamatupidamisprogramm"},{"@type":"BreadcrumbList","@id":"https:\/\/www.merit.ee\/en\/merit-aktiva\/overview\/#breadcrumb","itemListElement":[{"@type":"ListItem","position":1,"name":"Home","item":"https:\/\/www.merit.ee\/en\/"},{"@type":"ListItem","position":2,"name":"Merit Aktiva","item":"https:\/\/www.merit.ee\/en\/merit-aktiva\/"},{"@type":"ListItem","position":3,"name":"Overview"}]},{"@type":"WebSite","@id":"https:\/\/www.merit.ee\/en\/#website","url":"https:\/\/www.merit.ee\/en\/","name":"Merit Tarkvara","description":"Helppok\u00e4ytt\u00f6inen kirjanpito-ohjelma yritt\u00e4jille ja kirjanpit\u00e4jille. Ohjelmaa k\u00e4ytet\u00e4\u00e4n yli 65 000 yrityksen kirjanpitoon ja k\u00e4yt\u00f6n voi aloittaa ilmaiseksi!","publisher":{"@id":"https:\/\/www.merit.ee\/en\/#organization"},"potentialAction":[{"@type":"SearchAction","target":{"@type":"EntryPoint","urlTemplate":"https:\/\/www.merit.ee\/en\/?s={search_term_string}"},"query-input":{"@type":"PropertyValueSpecification","valueRequired":true,"valueName":"search_term_string"}}],"inLanguage":"en-US"},{"@type":"Organization","@id":"https:\/\/www.merit.ee\/en\/#organization","name":"Merit Tarkvara","url":"https:\/\/www.merit.ee\/en\/","logo":{"@type":"ImageObject","inLanguage":"en-US","@id":"https:\/\/www.merit.ee\/en\/#\/schema\/logo\/image\/","url":"https:\/\/www.merit.ee\/wp-content\/uploads\/2022\/09\/Merit_tarkvara_logo_RGB.png","contentUrl":"https:\/\/www.merit.ee\/wp-content\/uploads\/2022\/09\/Merit_tarkvara_logo_RGB.png","width":1891,"height":568,"caption":"Merit Tarkvara"},"image":{"@id":"https:\/\/www.merit.ee\/en\/#\/schema\/logo\/image\/"},"sameAs":["https:\/\/www.facebook.com\/Merit.Tarkvara\/"]}]}},"_links":{"self":[{"href":"https:\/\/www.merit.ee\/en\/wp-json\/wp\/v2\/pages\/90208","targetHints":{"allow":["GET"]}}],"collection":[{"href":"https:\/\/www.merit.ee\/en\/wp-json\/wp\/v2\/pages"}],"about":[{"href":"https:\/\/www.merit.ee\/en\/wp-json\/wp\/v2\/types\/page"}],"author":[{"embeddable":true,"href":"https:\/\/www.merit.ee\/en\/wp-json\/wp\/v2\/users\/11"}],"replies":[{"embeddable":true,"href":"https:\/\/www.merit.ee\/en\/wp-json\/wp\/v2\/comments?post=90208"}],"version-history":[{"count":5,"href":"https:\/\/www.merit.ee\/en\/wp-json\/wp\/v2\/pages\/90208\/revisions"}],"predecessor-version":[{"id":254876,"href":"https:\/\/www.merit.ee\/en\/wp-json\/wp\/v2\/pages\/90208\/revisions\/254876"}],"up":[{"embeddable":true,"href":"https:\/\/www.merit.ee\/en\/wp-json\/wp\/v2\/pages\/91262"}],"wp:featuredmedia":[{"embeddable":true,"href":"https:\/\/www.merit.ee\/en\/wp-json\/wp\/v2\/media\/87463"}],"wp:attachment":[{"href":"https:\/\/www.merit.ee\/en\/wp-json\/wp\/v2\/media?parent=90208"}],"curies":[{"name":"wp","href":"https:\/\/api.w.org\/{rel}","templated":true}]}}