{"id":90229,"date":"2020-11-02T12:43:51","date_gmt":"2020-11-02T12:43:51","guid":{"rendered":"https:\/\/www.merit.ee\/for-entrepreneurs\/"},"modified":"2025-05-02T12:00:24","modified_gmt":"2025-05-02T09:00:24","slug":"for-entrepreneurs","status":"publish","type":"page","link":"https:\/\/www.merit.ee\/en\/merit-aktiva\/for-entrepreneurs\/","title":{"rendered":"For entrepreneurs"},"content":{"rendered":"","protected":false},"excerpt":{"rendered":"","protected":false},"author":11,"featured_media":37473,"parent":91262,"menu_order":22,"comment_status":"closed","ping_status":"closed","template":"","meta":{"_acf_changed":false,"footnotes":""},"class_list":["post-90229","page","type-page","status-publish","has-post-thumbnail","hentry"],"acf":[],"yoast_head":"<!-- This site is optimized with the Yoast SEO Premium plugin v27.1 (Yoast SEO v27.1.1) - https:\/\/yoast.com\/product\/yoast-seo-premium-wordpress\/ -->\n<title>For entrepreneurs &#8211; Merit Tarkvara<\/title>\n<meta name=\"description\" content=\"Merit Aktiva makes it easy to send out sales invoices and take care of even the most challenging accounting tasks on a do-it-yourself basis. And our free customer service is here to help you make sure everything is running smoothly.\" \/>\n<meta name=\"robots\" content=\"index, follow, max-snippet:-1, max-image-preview:large, max-video-preview:-1\" \/>\n<link rel=\"canonical\" href=\"https:\/\/www.merit.ee\/en\/merit-aktiva\/for-entrepreneurs\/\" \/>\n<meta property=\"og:locale\" content=\"en_US\" \/>\n<meta property=\"og:type\" content=\"article\" \/>\n<meta property=\"og:title\" content=\"For entrepreneurs\" \/>\n<meta property=\"og:description\" content=\"Merit Aktiva makes it easy to send out sales invoices and take care of even the most challenging accounting tasks on a do-it-yourself basis. And our free customer service is here to help you make sure everything is running smoothly.\" \/>\n<meta property=\"og:url\" content=\"https:\/\/www.merit.ee\/en\/merit-aktiva\/for-entrepreneurs\/\" \/>\n<meta property=\"og:site_name\" content=\"Merit Tarkvara\" \/>\n<meta property=\"article:publisher\" content=\"https:\/\/www.facebook.com\/Merit.Tarkvara\/\" \/>\n<meta property=\"article:modified_time\" content=\"2025-05-02T09:00:24+00:00\" \/>\n<meta property=\"og:image\" content=\"https:\/\/www.merit.ee\/wp-content\/uploads\/2020\/07\/18_09_19-vsm-00850_web@2x.png\" \/>\n\t<meta property=\"og:image:width\" content=\"1330\" \/>\n\t<meta property=\"og:image:height\" content=\"840\" \/>\n\t<meta property=\"og:image:type\" content=\"image\/png\" \/>\n<meta name=\"twitter:card\" content=\"summary_large_image\" \/>\n<script type=\"application\/ld+json\" class=\"yoast-schema-graph\">{\"@context\":\"https:\/\/schema.org\",\"@graph\":[{\"@type\":\"WebPage\",\"@id\":\"https:\/\/www.merit.ee\/en\/merit-aktiva\/for-entrepreneurs\/\",\"url\":\"https:\/\/www.merit.ee\/en\/merit-aktiva\/for-entrepreneurs\/\",\"name\":\"For entrepreneurs &#8211; Merit Tarkvara\",\"isPartOf\":{\"@id\":\"https:\/\/www.merit.ee\/en\/#website\"},\"primaryImageOfPage\":{\"@id\":\"https:\/\/www.merit.ee\/en\/merit-aktiva\/for-entrepreneurs\/#primaryimage\"},\"image\":{\"@id\":\"https:\/\/www.merit.ee\/en\/merit-aktiva\/for-entrepreneurs\/#primaryimage\"},\"thumbnailUrl\":\"https:\/\/www.merit.ee\/wp-content\/uploads\/2020\/07\/18_09_19-vsm-00850_web@2x.png\",\"datePublished\":\"2020-11-02T12:43:51+00:00\",\"dateModified\":\"2025-05-02T09:00:24+00:00\",\"description\":\"Merit Aktiva makes it easy to send out sales invoices and take care of even the most challenging accounting tasks on a do-it-yourself basis. And our free customer service is here to help you make sure everything is running smoothly.\",\"breadcrumb\":{\"@id\":\"https:\/\/www.merit.ee\/en\/merit-aktiva\/for-entrepreneurs\/#breadcrumb\"},\"inLanguage\":\"en-US\",\"potentialAction\":[{\"@type\":\"ReadAction\",\"target\":[\"https:\/\/www.merit.ee\/en\/merit-aktiva\/for-entrepreneurs\/\"]}]},{\"@type\":\"ImageObject\",\"inLanguage\":\"en-US\",\"@id\":\"https:\/\/www.merit.ee\/en\/merit-aktiva\/for-entrepreneurs\/#primaryimage\",\"url\":\"https:\/\/www.merit.ee\/wp-content\/uploads\/2020\/07\/18_09_19-vsm-00850_web@2x.png\",\"contentUrl\":\"https:\/\/www.merit.ee\/wp-content\/uploads\/2020\/07\/18_09_19-vsm-00850_web@2x.png\",\"width\":1330,\"height\":840},{\"@type\":\"BreadcrumbList\",\"@id\":\"https:\/\/www.merit.ee\/en\/merit-aktiva\/for-entrepreneurs\/#breadcrumb\",\"itemListElement\":[{\"@type\":\"ListItem\",\"position\":1,\"name\":\"Home\",\"item\":\"https:\/\/www.merit.ee\/en\/\"},{\"@type\":\"ListItem\",\"position\":2,\"name\":\"Merit Aktiva\",\"item\":\"https:\/\/www.merit.ee\/en\/merit-aktiva\/\"},{\"@type\":\"ListItem\",\"position\":3,\"name\":\"For entrepreneurs\"}]},{\"@type\":\"WebSite\",\"@id\":\"https:\/\/www.merit.ee\/en\/#website\",\"url\":\"https:\/\/www.merit.ee\/en\/\",\"name\":\"Merit Tarkvara\",\"description\":\"Helppok\u00e4ytt\u00f6inen kirjanpito-ohjelma yritt\u00e4jille ja kirjanpit\u00e4jille. Ohjelmaa k\u00e4ytet\u00e4\u00e4n yli 65 000 yrityksen kirjanpitoon ja k\u00e4yt\u00f6n voi aloittaa ilmaiseksi!\",\"publisher\":{\"@id\":\"https:\/\/www.merit.ee\/en\/#organization\"},\"potentialAction\":[{\"@type\":\"SearchAction\",\"target\":{\"@type\":\"EntryPoint\",\"urlTemplate\":\"https:\/\/www.merit.ee\/en\/?s={search_term_string}\"},\"query-input\":{\"@type\":\"PropertyValueSpecification\",\"valueRequired\":true,\"valueName\":\"search_term_string\"}}],\"inLanguage\":\"en-US\"},{\"@type\":\"Organization\",\"@id\":\"https:\/\/www.merit.ee\/en\/#organization\",\"name\":\"Merit Tarkvara\",\"url\":\"https:\/\/www.merit.ee\/en\/\",\"logo\":{\"@type\":\"ImageObject\",\"inLanguage\":\"en-US\",\"@id\":\"https:\/\/www.merit.ee\/en\/#\/schema\/logo\/image\/\",\"url\":\"https:\/\/www.merit.ee\/wp-content\/uploads\/2022\/09\/Merit_tarkvara_logo_RGB.png\",\"contentUrl\":\"https:\/\/www.merit.ee\/wp-content\/uploads\/2022\/09\/Merit_tarkvara_logo_RGB.png\",\"width\":1891,\"height\":568,\"caption\":\"Merit Tarkvara\"},\"image\":{\"@id\":\"https:\/\/www.merit.ee\/en\/#\/schema\/logo\/image\/\"},\"sameAs\":[\"https:\/\/www.facebook.com\/Merit.Tarkvara\/\"]}]}<\/script>\n<!-- \/ Yoast SEO Premium plugin. -->","yoast_head_json":{"title":"For entrepreneurs &#8211; Merit Tarkvara","description":"Merit Aktiva makes it easy to send out sales invoices and take care of even the most challenging accounting tasks on a do-it-yourself basis. And our free customer service is here to help you make sure everything is running smoothly.","robots":{"index":"index","follow":"follow","max-snippet":"max-snippet:-1","max-image-preview":"max-image-preview:large","max-video-preview":"max-video-preview:-1"},"canonical":"https:\/\/www.merit.ee\/en\/merit-aktiva\/for-entrepreneurs\/","og_locale":"en_US","og_type":"article","og_title":"For entrepreneurs","og_description":"Merit Aktiva makes it easy to send out sales invoices and take care of even the most challenging accounting tasks on a do-it-yourself basis. And our free customer service is here to help you make sure everything is running smoothly.","og_url":"https:\/\/www.merit.ee\/en\/merit-aktiva\/for-entrepreneurs\/","og_site_name":"Merit Tarkvara","article_publisher":"https:\/\/www.facebook.com\/Merit.Tarkvara\/","article_modified_time":"2025-05-02T09:00:24+00:00","og_image":[{"width":1330,"height":840,"url":"https:\/\/www.merit.ee\/wp-content\/uploads\/2020\/07\/18_09_19-vsm-00850_web@2x.png","type":"image\/png"}],"twitter_card":"summary_large_image","schema":{"@context":"https:\/\/schema.org","@graph":[{"@type":"WebPage","@id":"https:\/\/www.merit.ee\/en\/merit-aktiva\/for-entrepreneurs\/","url":"https:\/\/www.merit.ee\/en\/merit-aktiva\/for-entrepreneurs\/","name":"For entrepreneurs &#8211; Merit Tarkvara","isPartOf":{"@id":"https:\/\/www.merit.ee\/en\/#website"},"primaryImageOfPage":{"@id":"https:\/\/www.merit.ee\/en\/merit-aktiva\/for-entrepreneurs\/#primaryimage"},"image":{"@id":"https:\/\/www.merit.ee\/en\/merit-aktiva\/for-entrepreneurs\/#primaryimage"},"thumbnailUrl":"https:\/\/www.merit.ee\/wp-content\/uploads\/2020\/07\/18_09_19-vsm-00850_web@2x.png","datePublished":"2020-11-02T12:43:51+00:00","dateModified":"2025-05-02T09:00:24+00:00","description":"Merit Aktiva makes it easy to send out sales invoices and take care of even the most challenging accounting tasks on a do-it-yourself basis. And our free customer service is here to help you make sure everything is running smoothly.","breadcrumb":{"@id":"https:\/\/www.merit.ee\/en\/merit-aktiva\/for-entrepreneurs\/#breadcrumb"},"inLanguage":"en-US","potentialAction":[{"@type":"ReadAction","target":["https:\/\/www.merit.ee\/en\/merit-aktiva\/for-entrepreneurs\/"]}]},{"@type":"ImageObject","inLanguage":"en-US","@id":"https:\/\/www.merit.ee\/en\/merit-aktiva\/for-entrepreneurs\/#primaryimage","url":"https:\/\/www.merit.ee\/wp-content\/uploads\/2020\/07\/18_09_19-vsm-00850_web@2x.png","contentUrl":"https:\/\/www.merit.ee\/wp-content\/uploads\/2020\/07\/18_09_19-vsm-00850_web@2x.png","width":1330,"height":840},{"@type":"BreadcrumbList","@id":"https:\/\/www.merit.ee\/en\/merit-aktiva\/for-entrepreneurs\/#breadcrumb","itemListElement":[{"@type":"ListItem","position":1,"name":"Home","item":"https:\/\/www.merit.ee\/en\/"},{"@type":"ListItem","position":2,"name":"Merit Aktiva","item":"https:\/\/www.merit.ee\/en\/merit-aktiva\/"},{"@type":"ListItem","position":3,"name":"For entrepreneurs"}]},{"@type":"WebSite","@id":"https:\/\/www.merit.ee\/en\/#website","url":"https:\/\/www.merit.ee\/en\/","name":"Merit Tarkvara","description":"Helppok\u00e4ytt\u00f6inen kirjanpito-ohjelma yritt\u00e4jille ja kirjanpit\u00e4jille. Ohjelmaa k\u00e4ytet\u00e4\u00e4n yli 65 000 yrityksen kirjanpitoon ja k\u00e4yt\u00f6n voi aloittaa ilmaiseksi!","publisher":{"@id":"https:\/\/www.merit.ee\/en\/#organization"},"potentialAction":[{"@type":"SearchAction","target":{"@type":"EntryPoint","urlTemplate":"https:\/\/www.merit.ee\/en\/?s={search_term_string}"},"query-input":{"@type":"PropertyValueSpecification","valueRequired":true,"valueName":"search_term_string"}}],"inLanguage":"en-US"},{"@type":"Organization","@id":"https:\/\/www.merit.ee\/en\/#organization","name":"Merit Tarkvara","url":"https:\/\/www.merit.ee\/en\/","logo":{"@type":"ImageObject","inLanguage":"en-US","@id":"https:\/\/www.merit.ee\/en\/#\/schema\/logo\/image\/","url":"https:\/\/www.merit.ee\/wp-content\/uploads\/2022\/09\/Merit_tarkvara_logo_RGB.png","contentUrl":"https:\/\/www.merit.ee\/wp-content\/uploads\/2022\/09\/Merit_tarkvara_logo_RGB.png","width":1891,"height":568,"caption":"Merit Tarkvara"},"image":{"@id":"https:\/\/www.merit.ee\/en\/#\/schema\/logo\/image\/"},"sameAs":["https:\/\/www.facebook.com\/Merit.Tarkvara\/"]}]}},"_links":{"self":[{"href":"https:\/\/www.merit.ee\/en\/wp-json\/wp\/v2\/pages\/90229","targetHints":{"allow":["GET"]}}],"collection":[{"href":"https:\/\/www.merit.ee\/en\/wp-json\/wp\/v2\/pages"}],"about":[{"href":"https:\/\/www.merit.ee\/en\/wp-json\/wp\/v2\/types\/page"}],"author":[{"embeddable":true,"href":"https:\/\/www.merit.ee\/en\/wp-json\/wp\/v2\/users\/11"}],"replies":[{"embeddable":true,"href":"https:\/\/www.merit.ee\/en\/wp-json\/wp\/v2\/comments?post=90229"}],"version-history":[{"count":7,"href":"https:\/\/www.merit.ee\/en\/wp-json\/wp\/v2\/pages\/90229\/revisions"}],"predecessor-version":[{"id":300667,"href":"https:\/\/www.merit.ee\/en\/wp-json\/wp\/v2\/pages\/90229\/revisions\/300667"}],"up":[{"embeddable":true,"href":"https:\/\/www.merit.ee\/en\/wp-json\/wp\/v2\/pages\/91262"}],"wp:featuredmedia":[{"embeddable":true,"href":"https:\/\/www.merit.ee\/en\/wp-json\/wp\/v2\/media\/37473"}],"wp:attachment":[{"href":"https:\/\/www.merit.ee\/en\/wp-json\/wp\/v2\/media?parent=90229"}],"curies":[{"name":"wp","href":"https:\/\/api.w.org\/{rel}","templated":true}]}}