{"id":90246,"date":"2020-11-02T13:40:25","date_gmt":"2020-11-02T13:40:25","guid":{"rendered":"https:\/\/www.merit.ee\/the-most-popular-payroll-software-in-estonia-which-calculates-the-salary-for-more-than-100000-employees\/"},"modified":"2023-12-21T11:26:40","modified_gmt":"2023-12-21T09:26:40","slug":"payroll-software","status":"publish","type":"page","link":"https:\/\/www.merit.ee\/en\/merit-palk\/payroll-software\/","title":{"rendered":"Overview"},"content":{"rendered":"","protected":false},"excerpt":{"rendered":"","protected":false},"author":11,"featured_media":87463,"parent":91265,"menu_order":15,"comment_status":"closed","ping_status":"closed","template":"","meta":{"_acf_changed":false,"footnotes":""},"class_list":["post-90246","page","type-page","status-publish","has-post-thumbnail","hentry"],"acf":[],"yoast_head":"<!-- This site is optimized with the Yoast SEO Premium plugin v27.1 (Yoast SEO v27.1.1) - https:\/\/yoast.com\/product\/yoast-seo-premium-wordpress\/ -->\n<title>The most popular payroll software in Estonia - Merit Palk<\/title>\n<meta name=\"description\" content=\"It is so easy to start with Merit Palk. With just a few clicks, Merit Palk calculates and files your payroll taxes. And here\u2019s some good news for small businesses \u2013 companies with one or two employees enjoy all benefits of Merit Palk for free.\" \/>\n<meta name=\"robots\" content=\"index, follow, max-snippet:-1, max-image-preview:large, max-video-preview:-1\" \/>\n<link rel=\"canonical\" href=\"https:\/\/www.merit.ee\/en\/merit-palk\/payroll-software\/\" \/>\n<meta property=\"og:locale\" content=\"en_US\" \/>\n<meta property=\"og:type\" content=\"article\" \/>\n<meta property=\"og:title\" content=\"Overview\" \/>\n<meta property=\"og:description\" content=\"It is so easy to start with Merit Palk. With just a few clicks, Merit Palk calculates and files your payroll taxes. And here\u2019s some good news for small businesses \u2013 companies with one or two employees enjoy all benefits of Merit Palk for free.\" \/>\n<meta property=\"og:url\" content=\"https:\/\/www.merit.ee\/en\/merit-palk\/payroll-software\/\" \/>\n<meta property=\"og:site_name\" content=\"Merit Tarkvara\" \/>\n<meta property=\"article:publisher\" content=\"https:\/\/www.facebook.com\/Merit.Tarkvara\/\" \/>\n<meta property=\"article:modified_time\" content=\"2023-12-21T09:26:40+00:00\" \/>\n<meta property=\"og:image\" content=\"https:\/\/www.merit.ee\/wp-content\/uploads\/2020\/09\/merit_tarkvara_featured.png\" \/>\n\t<meta property=\"og:image:width\" content=\"1024\" \/>\n\t<meta property=\"og:image:height\" content=\"628\" \/>\n\t<meta property=\"og:image:type\" content=\"image\/png\" \/>\n<meta name=\"twitter:card\" content=\"summary_large_image\" \/>\n<script type=\"application\/ld+json\" class=\"yoast-schema-graph\">{\"@context\":\"https:\/\/schema.org\",\"@graph\":[{\"@type\":\"WebPage\",\"@id\":\"https:\/\/www.merit.ee\/en\/merit-palk\/payroll-software\/\",\"url\":\"https:\/\/www.merit.ee\/en\/merit-palk\/payroll-software\/\",\"name\":\"The most popular payroll software in Estonia - Merit Palk\",\"isPartOf\":{\"@id\":\"https:\/\/www.merit.ee\/en\/#website\"},\"primaryImageOfPage\":{\"@id\":\"https:\/\/www.merit.ee\/en\/merit-palk\/payroll-software\/#primaryimage\"},\"image\":{\"@id\":\"https:\/\/www.merit.ee\/en\/merit-palk\/payroll-software\/#primaryimage\"},\"thumbnailUrl\":\"https:\/\/www.merit.ee\/wp-content\/uploads\/2020\/09\/merit_tarkvara_featured.png\",\"datePublished\":\"2020-11-02T13:40:25+00:00\",\"dateModified\":\"2023-12-21T09:26:40+00:00\",\"description\":\"It is so easy to start with Merit Palk. With just a few clicks, Merit Palk calculates and files your payroll taxes. And here\u2019s some good news for small businesses \u2013 companies with one or two employees enjoy all benefits of Merit Palk for free.\",\"breadcrumb\":{\"@id\":\"https:\/\/www.merit.ee\/en\/merit-palk\/payroll-software\/#breadcrumb\"},\"inLanguage\":\"en-US\",\"potentialAction\":[{\"@type\":\"ReadAction\",\"target\":[\"https:\/\/www.merit.ee\/en\/merit-palk\/payroll-software\/\"]}]},{\"@type\":\"ImageObject\",\"inLanguage\":\"en-US\",\"@id\":\"https:\/\/www.merit.ee\/en\/merit-palk\/payroll-software\/#primaryimage\",\"url\":\"https:\/\/www.merit.ee\/wp-content\/uploads\/2020\/09\/merit_tarkvara_featured.png\",\"contentUrl\":\"https:\/\/www.merit.ee\/wp-content\/uploads\/2020\/09\/merit_tarkvara_featured.png\",\"width\":1024,\"height\":628,\"caption\":\"Raamatupidamisprogramm\"},{\"@type\":\"BreadcrumbList\",\"@id\":\"https:\/\/www.merit.ee\/en\/merit-palk\/payroll-software\/#breadcrumb\",\"itemListElement\":[{\"@type\":\"ListItem\",\"position\":1,\"name\":\"Home\",\"item\":\"https:\/\/www.merit.ee\/en\/\"},{\"@type\":\"ListItem\",\"position\":2,\"name\":\"Merit Palk\",\"item\":\"https:\/\/www.merit.ee\/en\/merit-palk\/\"},{\"@type\":\"ListItem\",\"position\":3,\"name\":\"Overview\"}]},{\"@type\":\"WebSite\",\"@id\":\"https:\/\/www.merit.ee\/en\/#website\",\"url\":\"https:\/\/www.merit.ee\/en\/\",\"name\":\"Merit Tarkvara\",\"description\":\"Helppok\u00e4ytt\u00f6inen kirjanpito-ohjelma yritt\u00e4jille ja kirjanpit\u00e4jille. Ohjelmaa k\u00e4ytet\u00e4\u00e4n yli 65 000 yrityksen kirjanpitoon ja k\u00e4yt\u00f6n voi aloittaa ilmaiseksi!\",\"publisher\":{\"@id\":\"https:\/\/www.merit.ee\/en\/#organization\"},\"potentialAction\":[{\"@type\":\"SearchAction\",\"target\":{\"@type\":\"EntryPoint\",\"urlTemplate\":\"https:\/\/www.merit.ee\/en\/?s={search_term_string}\"},\"query-input\":{\"@type\":\"PropertyValueSpecification\",\"valueRequired\":true,\"valueName\":\"search_term_string\"}}],\"inLanguage\":\"en-US\"},{\"@type\":\"Organization\",\"@id\":\"https:\/\/www.merit.ee\/en\/#organization\",\"name\":\"Merit Tarkvara\",\"url\":\"https:\/\/www.merit.ee\/en\/\",\"logo\":{\"@type\":\"ImageObject\",\"inLanguage\":\"en-US\",\"@id\":\"https:\/\/www.merit.ee\/en\/#\/schema\/logo\/image\/\",\"url\":\"https:\/\/www.merit.ee\/wp-content\/uploads\/2022\/09\/Merit_tarkvara_logo_RGB.png\",\"contentUrl\":\"https:\/\/www.merit.ee\/wp-content\/uploads\/2022\/09\/Merit_tarkvara_logo_RGB.png\",\"width\":1891,\"height\":568,\"caption\":\"Merit Tarkvara\"},\"image\":{\"@id\":\"https:\/\/www.merit.ee\/en\/#\/schema\/logo\/image\/\"},\"sameAs\":[\"https:\/\/www.facebook.com\/Merit.Tarkvara\/\"]}]}<\/script>\n<!-- \/ Yoast SEO Premium plugin. -->","yoast_head_json":{"title":"The most popular payroll software in Estonia - Merit Palk","description":"It is so easy to start with Merit Palk. With just a few clicks, Merit Palk calculates and files your payroll taxes. And here\u2019s some good news for small businesses \u2013 companies with one or two employees enjoy all benefits of Merit Palk for free.","robots":{"index":"index","follow":"follow","max-snippet":"max-snippet:-1","max-image-preview":"max-image-preview:large","max-video-preview":"max-video-preview:-1"},"canonical":"https:\/\/www.merit.ee\/en\/merit-palk\/payroll-software\/","og_locale":"en_US","og_type":"article","og_title":"Overview","og_description":"It is so easy to start with Merit Palk. With just a few clicks, Merit Palk calculates and files your payroll taxes. And here\u2019s some good news for small businesses \u2013 companies with one or two employees enjoy all benefits of Merit Palk for free.","og_url":"https:\/\/www.merit.ee\/en\/merit-palk\/payroll-software\/","og_site_name":"Merit Tarkvara","article_publisher":"https:\/\/www.facebook.com\/Merit.Tarkvara\/","article_modified_time":"2023-12-21T09:26:40+00:00","og_image":[{"width":1024,"height":628,"url":"https:\/\/www.merit.ee\/wp-content\/uploads\/2020\/09\/merit_tarkvara_featured.png","type":"image\/png"}],"twitter_card":"summary_large_image","schema":{"@context":"https:\/\/schema.org","@graph":[{"@type":"WebPage","@id":"https:\/\/www.merit.ee\/en\/merit-palk\/payroll-software\/","url":"https:\/\/www.merit.ee\/en\/merit-palk\/payroll-software\/","name":"The most popular payroll software in Estonia - Merit Palk","isPartOf":{"@id":"https:\/\/www.merit.ee\/en\/#website"},"primaryImageOfPage":{"@id":"https:\/\/www.merit.ee\/en\/merit-palk\/payroll-software\/#primaryimage"},"image":{"@id":"https:\/\/www.merit.ee\/en\/merit-palk\/payroll-software\/#primaryimage"},"thumbnailUrl":"https:\/\/www.merit.ee\/wp-content\/uploads\/2020\/09\/merit_tarkvara_featured.png","datePublished":"2020-11-02T13:40:25+00:00","dateModified":"2023-12-21T09:26:40+00:00","description":"It is so easy to start with Merit Palk. With just a few clicks, Merit Palk calculates and files your payroll taxes. And here\u2019s some good news for small businesses \u2013 companies with one or two employees enjoy all benefits of Merit Palk for free.","breadcrumb":{"@id":"https:\/\/www.merit.ee\/en\/merit-palk\/payroll-software\/#breadcrumb"},"inLanguage":"en-US","potentialAction":[{"@type":"ReadAction","target":["https:\/\/www.merit.ee\/en\/merit-palk\/payroll-software\/"]}]},{"@type":"ImageObject","inLanguage":"en-US","@id":"https:\/\/www.merit.ee\/en\/merit-palk\/payroll-software\/#primaryimage","url":"https:\/\/www.merit.ee\/wp-content\/uploads\/2020\/09\/merit_tarkvara_featured.png","contentUrl":"https:\/\/www.merit.ee\/wp-content\/uploads\/2020\/09\/merit_tarkvara_featured.png","width":1024,"height":628,"caption":"Raamatupidamisprogramm"},{"@type":"BreadcrumbList","@id":"https:\/\/www.merit.ee\/en\/merit-palk\/payroll-software\/#breadcrumb","itemListElement":[{"@type":"ListItem","position":1,"name":"Home","item":"https:\/\/www.merit.ee\/en\/"},{"@type":"ListItem","position":2,"name":"Merit Palk","item":"https:\/\/www.merit.ee\/en\/merit-palk\/"},{"@type":"ListItem","position":3,"name":"Overview"}]},{"@type":"WebSite","@id":"https:\/\/www.merit.ee\/en\/#website","url":"https:\/\/www.merit.ee\/en\/","name":"Merit Tarkvara","description":"Helppok\u00e4ytt\u00f6inen kirjanpito-ohjelma yritt\u00e4jille ja kirjanpit\u00e4jille. Ohjelmaa k\u00e4ytet\u00e4\u00e4n yli 65 000 yrityksen kirjanpitoon ja k\u00e4yt\u00f6n voi aloittaa ilmaiseksi!","publisher":{"@id":"https:\/\/www.merit.ee\/en\/#organization"},"potentialAction":[{"@type":"SearchAction","target":{"@type":"EntryPoint","urlTemplate":"https:\/\/www.merit.ee\/en\/?s={search_term_string}"},"query-input":{"@type":"PropertyValueSpecification","valueRequired":true,"valueName":"search_term_string"}}],"inLanguage":"en-US"},{"@type":"Organization","@id":"https:\/\/www.merit.ee\/en\/#organization","name":"Merit Tarkvara","url":"https:\/\/www.merit.ee\/en\/","logo":{"@type":"ImageObject","inLanguage":"en-US","@id":"https:\/\/www.merit.ee\/en\/#\/schema\/logo\/image\/","url":"https:\/\/www.merit.ee\/wp-content\/uploads\/2022\/09\/Merit_tarkvara_logo_RGB.png","contentUrl":"https:\/\/www.merit.ee\/wp-content\/uploads\/2022\/09\/Merit_tarkvara_logo_RGB.png","width":1891,"height":568,"caption":"Merit Tarkvara"},"image":{"@id":"https:\/\/www.merit.ee\/en\/#\/schema\/logo\/image\/"},"sameAs":["https:\/\/www.facebook.com\/Merit.Tarkvara\/"]}]}},"_links":{"self":[{"href":"https:\/\/www.merit.ee\/en\/wp-json\/wp\/v2\/pages\/90246","targetHints":{"allow":["GET"]}}],"collection":[{"href":"https:\/\/www.merit.ee\/en\/wp-json\/wp\/v2\/pages"}],"about":[{"href":"https:\/\/www.merit.ee\/en\/wp-json\/wp\/v2\/types\/page"}],"author":[{"embeddable":true,"href":"https:\/\/www.merit.ee\/en\/wp-json\/wp\/v2\/users\/11"}],"replies":[{"embeddable":true,"href":"https:\/\/www.merit.ee\/en\/wp-json\/wp\/v2\/comments?post=90246"}],"version-history":[{"count":5,"href":"https:\/\/www.merit.ee\/en\/wp-json\/wp\/v2\/pages\/90246\/revisions"}],"predecessor-version":[{"id":254885,"href":"https:\/\/www.merit.ee\/en\/wp-json\/wp\/v2\/pages\/90246\/revisions\/254885"}],"up":[{"embeddable":true,"href":"https:\/\/www.merit.ee\/en\/wp-json\/wp\/v2\/pages\/91265"}],"wp:featuredmedia":[{"embeddable":true,"href":"https:\/\/www.merit.ee\/en\/wp-json\/wp\/v2\/media\/87463"}],"wp:attachment":[{"href":"https:\/\/www.merit.ee\/en\/wp-json\/wp\/v2\/media?parent=90246"}],"curies":[{"name":"wp","href":"https:\/\/api.w.org\/{rel}","templated":true}]}}