{"id":91266,"date":"2020-11-16T14:30:06","date_gmt":"2020-11-16T14:30:06","guid":{"rendered":"https:\/\/www.merit.ee\/get-started-with-your-free-account\/"},"modified":"2023-12-07T10:23:20","modified_gmt":"2023-12-07T08:23:20","slug":"get-started-with-your-free-account","status":"publish","type":"page","link":"https:\/\/www.merit.ee\/en\/get-started-with-your-free-account\/","title":{"rendered":"Get started with your free account"},"content":{"rendered":"<p>Creating an account is easy.<br \/>\nEnter your details and we will send you an email to activate the user. From now on, you can log in to Merit Palk and Merit Aktiva with the same e-mail address and password.<\/p>\n","protected":false},"excerpt":{"rendered":"<p>Creating an account is easy. Enter your details and we will send you an email to activate the user&#8230;.<\/p>\n","protected":false},"author":11,"featured_media":0,"parent":0,"menu_order":9,"comment_status":"closed","ping_status":"closed","template":"template-signup.php","meta":{"_acf_changed":false,"footnotes":""},"class_list":["post-91266","page","type-page","status-publish","hentry"],"acf":[],"yoast_head":"<!-- This site is optimized with the Yoast SEO Premium plugin v27.1 (Yoast SEO v27.1.1) - https:\/\/yoast.com\/product\/yoast-seo-premium-wordpress\/ -->\n<title>Get started with your free account &#8211; Merit Tarkvara<\/title>\n<meta name=\"description\" content=\"Creating an account is easy. Enter your details and we will send you an email to activate the user. From now on, you can log in to Merit Palk and Merit\" \/>\n<meta name=\"robots\" content=\"index, follow, max-snippet:-1, max-image-preview:large, max-video-preview:-1\" \/>\n<link rel=\"canonical\" href=\"https:\/\/www.merit.ee\/en\/get-started-with-your-free-account\/\" \/>\n<meta property=\"og:locale\" content=\"en_US\" \/>\n<meta property=\"og:type\" content=\"article\" \/>\n<meta property=\"og:title\" content=\"Get started with your free account\" \/>\n<meta property=\"og:description\" content=\"Creating an account is easy. Enter your details and we will send you an email to activate the user. From now on, you can log in to Merit Palk and Merit\" \/>\n<meta property=\"og:url\" content=\"https:\/\/www.merit.ee\/en\/get-started-with-your-free-account\/\" \/>\n<meta property=\"og:site_name\" content=\"Merit Tarkvara\" \/>\n<meta property=\"article:publisher\" content=\"https:\/\/www.facebook.com\/Merit.Tarkvara\/\" \/>\n<meta property=\"article:modified_time\" content=\"2023-12-07T08:23:20+00:00\" \/>\n<meta property=\"og:image\" content=\"https:\/\/www.merit.ee\/wp-content\/uploads\/2020\/09\/merit-eesti_fbshare.jpg\" \/>\n\t<meta property=\"og:image:width\" content=\"1200\" \/>\n\t<meta property=\"og:image:height\" content=\"630\" \/>\n\t<meta property=\"og:image:type\" content=\"image\/jpeg\" \/>\n<meta name=\"twitter:card\" content=\"summary_large_image\" \/>\n<script type=\"application\/ld+json\" class=\"yoast-schema-graph\">{\"@context\":\"https:\/\/schema.org\",\"@graph\":[{\"@type\":\"WebPage\",\"@id\":\"https:\/\/www.merit.ee\/en\/get-started-with-your-free-account\/\",\"url\":\"https:\/\/www.merit.ee\/en\/get-started-with-your-free-account\/\",\"name\":\"Get started with your free account &#8211; Merit Tarkvara\",\"isPartOf\":{\"@id\":\"https:\/\/www.merit.ee\/en\/#website\"},\"datePublished\":\"2020-11-16T14:30:06+00:00\",\"dateModified\":\"2023-12-07T08:23:20+00:00\",\"description\":\"Creating an account is easy. Enter your details and we will send you an email to activate the user. From now on, you can log in to Merit Palk and Merit\",\"breadcrumb\":{\"@id\":\"https:\/\/www.merit.ee\/en\/get-started-with-your-free-account\/#breadcrumb\"},\"inLanguage\":\"en-US\",\"potentialAction\":[{\"@type\":\"ReadAction\",\"target\":[\"https:\/\/www.merit.ee\/en\/get-started-with-your-free-account\/\"]}]},{\"@type\":\"BreadcrumbList\",\"@id\":\"https:\/\/www.merit.ee\/en\/get-started-with-your-free-account\/#breadcrumb\",\"itemListElement\":[{\"@type\":\"ListItem\",\"position\":1,\"name\":\"Home\",\"item\":\"https:\/\/www.merit.ee\/en\/\"},{\"@type\":\"ListItem\",\"position\":2,\"name\":\"Get started with your free account\"}]},{\"@type\":\"WebSite\",\"@id\":\"https:\/\/www.merit.ee\/en\/#website\",\"url\":\"https:\/\/www.merit.ee\/en\/\",\"name\":\"Merit Tarkvara\",\"description\":\"Helppok\u00e4ytt\u00f6inen kirjanpito-ohjelma yritt\u00e4jille ja kirjanpit\u00e4jille. Ohjelmaa k\u00e4ytet\u00e4\u00e4n yli 65 000 yrityksen kirjanpitoon ja k\u00e4yt\u00f6n voi aloittaa ilmaiseksi!\",\"publisher\":{\"@id\":\"https:\/\/www.merit.ee\/en\/#organization\"},\"potentialAction\":[{\"@type\":\"SearchAction\",\"target\":{\"@type\":\"EntryPoint\",\"urlTemplate\":\"https:\/\/www.merit.ee\/en\/?s={search_term_string}\"},\"query-input\":{\"@type\":\"PropertyValueSpecification\",\"valueRequired\":true,\"valueName\":\"search_term_string\"}}],\"inLanguage\":\"en-US\"},{\"@type\":\"Organization\",\"@id\":\"https:\/\/www.merit.ee\/en\/#organization\",\"name\":\"Merit Tarkvara\",\"url\":\"https:\/\/www.merit.ee\/en\/\",\"logo\":{\"@type\":\"ImageObject\",\"inLanguage\":\"en-US\",\"@id\":\"https:\/\/www.merit.ee\/en\/#\/schema\/logo\/image\/\",\"url\":\"https:\/\/www.merit.ee\/wp-content\/uploads\/2022\/09\/Merit_tarkvara_logo_RGB.png\",\"contentUrl\":\"https:\/\/www.merit.ee\/wp-content\/uploads\/2022\/09\/Merit_tarkvara_logo_RGB.png\",\"width\":1891,\"height\":568,\"caption\":\"Merit Tarkvara\"},\"image\":{\"@id\":\"https:\/\/www.merit.ee\/en\/#\/schema\/logo\/image\/\"},\"sameAs\":[\"https:\/\/www.facebook.com\/Merit.Tarkvara\/\"]}]}<\/script>\n<!-- \/ Yoast SEO Premium plugin. -->","yoast_head_json":{"title":"Get started with your free account &#8211; Merit Tarkvara","description":"Creating an account is easy. Enter your details and we will send you an email to activate the user. From now on, you can log in to Merit Palk and Merit","robots":{"index":"index","follow":"follow","max-snippet":"max-snippet:-1","max-image-preview":"max-image-preview:large","max-video-preview":"max-video-preview:-1"},"canonical":"https:\/\/www.merit.ee\/en\/get-started-with-your-free-account\/","og_locale":"en_US","og_type":"article","og_title":"Get started with your free account","og_description":"Creating an account is easy. Enter your details and we will send you an email to activate the user. From now on, you can log in to Merit Palk and Merit","og_url":"https:\/\/www.merit.ee\/en\/get-started-with-your-free-account\/","og_site_name":"Merit Tarkvara","article_publisher":"https:\/\/www.facebook.com\/Merit.Tarkvara\/","article_modified_time":"2023-12-07T08:23:20+00:00","og_image":[{"width":1200,"height":630,"url":"https:\/\/www.merit.ee\/wp-content\/uploads\/2020\/09\/merit-eesti_fbshare.jpg","type":"image\/jpeg"}],"twitter_card":"summary_large_image","schema":{"@context":"https:\/\/schema.org","@graph":[{"@type":"WebPage","@id":"https:\/\/www.merit.ee\/en\/get-started-with-your-free-account\/","url":"https:\/\/www.merit.ee\/en\/get-started-with-your-free-account\/","name":"Get started with your free account &#8211; Merit Tarkvara","isPartOf":{"@id":"https:\/\/www.merit.ee\/en\/#website"},"datePublished":"2020-11-16T14:30:06+00:00","dateModified":"2023-12-07T08:23:20+00:00","description":"Creating an account is easy. Enter your details and we will send you an email to activate the user. From now on, you can log in to Merit Palk and Merit","breadcrumb":{"@id":"https:\/\/www.merit.ee\/en\/get-started-with-your-free-account\/#breadcrumb"},"inLanguage":"en-US","potentialAction":[{"@type":"ReadAction","target":["https:\/\/www.merit.ee\/en\/get-started-with-your-free-account\/"]}]},{"@type":"BreadcrumbList","@id":"https:\/\/www.merit.ee\/en\/get-started-with-your-free-account\/#breadcrumb","itemListElement":[{"@type":"ListItem","position":1,"name":"Home","item":"https:\/\/www.merit.ee\/en\/"},{"@type":"ListItem","position":2,"name":"Get started with your free account"}]},{"@type":"WebSite","@id":"https:\/\/www.merit.ee\/en\/#website","url":"https:\/\/www.merit.ee\/en\/","name":"Merit Tarkvara","description":"Helppok\u00e4ytt\u00f6inen kirjanpito-ohjelma yritt\u00e4jille ja kirjanpit\u00e4jille. Ohjelmaa k\u00e4ytet\u00e4\u00e4n yli 65 000 yrityksen kirjanpitoon ja k\u00e4yt\u00f6n voi aloittaa ilmaiseksi!","publisher":{"@id":"https:\/\/www.merit.ee\/en\/#organization"},"potentialAction":[{"@type":"SearchAction","target":{"@type":"EntryPoint","urlTemplate":"https:\/\/www.merit.ee\/en\/?s={search_term_string}"},"query-input":{"@type":"PropertyValueSpecification","valueRequired":true,"valueName":"search_term_string"}}],"inLanguage":"en-US"},{"@type":"Organization","@id":"https:\/\/www.merit.ee\/en\/#organization","name":"Merit Tarkvara","url":"https:\/\/www.merit.ee\/en\/","logo":{"@type":"ImageObject","inLanguage":"en-US","@id":"https:\/\/www.merit.ee\/en\/#\/schema\/logo\/image\/","url":"https:\/\/www.merit.ee\/wp-content\/uploads\/2022\/09\/Merit_tarkvara_logo_RGB.png","contentUrl":"https:\/\/www.merit.ee\/wp-content\/uploads\/2022\/09\/Merit_tarkvara_logo_RGB.png","width":1891,"height":568,"caption":"Merit Tarkvara"},"image":{"@id":"https:\/\/www.merit.ee\/en\/#\/schema\/logo\/image\/"},"sameAs":["https:\/\/www.facebook.com\/Merit.Tarkvara\/"]}]}},"_links":{"self":[{"href":"https:\/\/www.merit.ee\/en\/wp-json\/wp\/v2\/pages\/91266","targetHints":{"allow":["GET"]}}],"collection":[{"href":"https:\/\/www.merit.ee\/en\/wp-json\/wp\/v2\/pages"}],"about":[{"href":"https:\/\/www.merit.ee\/en\/wp-json\/wp\/v2\/types\/page"}],"author":[{"embeddable":true,"href":"https:\/\/www.merit.ee\/en\/wp-json\/wp\/v2\/users\/11"}],"replies":[{"embeddable":true,"href":"https:\/\/www.merit.ee\/en\/wp-json\/wp\/v2\/comments?post=91266"}],"version-history":[{"count":1,"href":"https:\/\/www.merit.ee\/en\/wp-json\/wp\/v2\/pages\/91266\/revisions"}],"predecessor-version":[{"id":225572,"href":"https:\/\/www.merit.ee\/en\/wp-json\/wp\/v2\/pages\/91266\/revisions\/225572"}],"wp:attachment":[{"href":"https:\/\/www.merit.ee\/en\/wp-json\/wp\/v2\/media?parent=91266"}],"curies":[{"name":"wp","href":"https:\/\/api.w.org\/{rel}","templated":true}]}}