{"id":93826,"date":"2020-12-22T07:31:10","date_gmt":"2020-12-22T07:31:10","guid":{"rendered":"https:\/\/www.merit.ee\/%d1%81%d0%be%d0%b7%d0%b4%d0%b0%d1%82%d1%8c-%d0%b1%d0%b5%d1%81%d0%bf%d0%bb%d0%b0%d1%82%d0%bd%d1%8b%d0%b9-%d0%b0%d0%ba%d0%ba%d0%b0%d1%83%d0%bd%d1%82-%d0%b2-merit\/"},"modified":"2021-05-05T07:25:17","modified_gmt":"2021-05-05T07:25:17","slug":"sozdat-besplatnyj-akkaunt-v-merit","status":"publish","type":"page","link":"https:\/\/www.merit.ee\/ru\/sozdat-besplatnyj-akkaunt-v-merit\/","title":{"rendered":"\u0421\u043e\u0437\u0434\u0430\u0442\u044c \u0431\u0435\u0441\u043f\u043b\u0430\u0442\u043d\u044b\u0439 \u0430\u043a\u043a\u0430\u0443\u043d\u0442 \u0432 Merit"},"content":{"rendered":"<div class=\"message\">\u0410\u043a\u043a\u0430\u0443\u043d\u0442 \u0441\u043e\u0437\u0434\u0430\u0442\u044c \u043f\u0440\u043e\u0441\u0442\u043e.<\/div>\n<div class=\"info\">\u0412\u0432\u0435\u0434\u0438\u0442\u0435 \u0441\u0432\u043e\u0438 \u0434\u0430\u043d\u043d\u044b\u0435, \u043f\u043e\u0441\u043b\u0435 \u0447\u0435\u0433\u043e \u043c\u044b \u043e\u0442\u043f\u0440\u0430\u0432\u0438\u043c \u0412\u0430\u043c \u043f\u0438\u0441\u044c\u043c\u043e \u0434\u043b\u044f \u0430\u043a\u0442\u0438\u0432\u0430\u0446\u0438\u0438 \u043f\u043e\u043b\u044c\u0437\u043e\u0432\u0430\u0442\u0435\u043b\u044f. \u0412 \u0434\u0430\u043b\u044c\u043d\u0435\u0439\u0448\u0435\u043c \u0432 Merit Palk \u0438 Merit Aktiva \u043c\u043e\u0436\u043d\u043e \u0431\u0443\u0434\u0435\u0442 \u0432\u0445\u043e\u0434\u0438\u0442\u044c \u0441 \u044d\u0442\u0438\u043c \u0436\u0435 \u0430\u0434\u0440\u0435\u0441\u043e\u043c \u044d\u043b\u0435\u043a\u0442\u0440\u043e\u043d\u043d\u043e\u0439 \u043f\u043e\u0447\u0442\u044b \u0438 \u0430\u043a\u0442\u0438\u0432\u0438\u0440\u043e\u0432\u0430\u043d\u043d\u044b\u043c \u043f\u0430\u0440\u043e\u043b\u0435\u043c.<\/div>\n","protected":false},"excerpt":{"rendered":"<p>\u0410\u043a\u043a\u0430\u0443\u043d\u0442 \u0441\u043e\u0437\u0434\u0430\u0442\u044c \u043f\u0440\u043e\u0441\u0442\u043e. \u0412\u0432\u0435\u0434\u0438\u0442\u0435 \u0441\u0432\u043e\u0438 \u0434\u0430\u043d\u043d\u044b\u0435, \u043f\u043e\u0441\u043b\u0435 \u0447\u0435\u0433\u043e \u043c\u044b \u043e\u0442\u043f\u0440\u0430\u0432\u0438\u043c \u0412\u0430\u043c \u043f\u0438\u0441\u044c\u043c\u043e \u0434\u043b\u044f \u0430\u043a\u0442\u0438\u0432\u0430\u0446\u0438\u0438 \u043f\u043e\u043b\u044c\u0437\u043e\u0432\u0430\u0442\u0435\u043b\u044f. \u0412 \u0434\u0430\u043b\u044c\u043d\u0435\u0439\u0448\u0435\u043c \u0432 Merit&#8230;<\/p>\n","protected":false},"author":11,"featured_media":0,"parent":0,"menu_order":9,"comment_status":"closed","ping_status":"closed","template":"template-signup.php","meta":{"_acf_changed":false,"footnotes":""},"class_list":["post-93826","page","type-page","status-publish","hentry"],"acf":[],"yoast_head":"<!-- This site is optimized with the Yoast SEO Premium plugin v27.1 (Yoast SEO v27.1.1) - https:\/\/yoast.com\/product\/yoast-seo-premium-wordpress\/ -->\n<title>\u0421\u043e\u0437\u0434\u0430\u0442\u044c \u0431\u0435\u0441\u043f\u043b\u0430\u0442\u043d\u044b\u0439 \u0430\u043a\u043a\u0430\u0443\u043d\u0442 \u0432 Merit &#8211; Merit Tarkvara<\/title>\n<meta name=\"description\" content=\"\u0410\u043a\u043a\u0430\u0443\u043d\u0442 \u0441\u043e\u0437\u0434\u0430\u0442\u044c \u043f\u0440\u043e\u0441\u0442\u043e. \u0412\u0432\u0435\u0434\u0438\u0442\u0435 \u0441\u0432\u043e\u0438 \u0434\u0430\u043d\u043d\u044b\u0435, \u043f\u043e\u0441\u043b\u0435 \u0447\u0435\u0433\u043e \u043c\u044b \u043e\u0442\u043f\u0440\u0430\u0432\u0438\u043c \u0412\u0430\u043c \u043f\u0438\u0441\u044c\u043c\u043e \u0434\u043b\u044f \u0430\u043a\u0442\u0438\u0432\u0430\u0446\u0438\u0438 \u043f\u043e\u043b\u044c\u0437\u043e\u0432\u0430\u0442\u0435\u043b\u044f. \u0412 \u0434\u0430\u043b\u044c\u043d\u0435\u0439\u0448\u0435\u043c \u0432 Merit Palk \u0438 Merit Aktiva \u043c\u043e\u0436\u043d\u043e\" \/>\n<meta name=\"robots\" content=\"index, follow, max-snippet:-1, max-image-preview:large, max-video-preview:-1\" \/>\n<link rel=\"canonical\" href=\"https:\/\/www.merit.ee\/ru\/sozdat-besplatnyj-akkaunt-v-merit\/\" \/>\n<meta property=\"og:locale\" content=\"ru_RU\" \/>\n<meta property=\"og:type\" content=\"article\" \/>\n<meta property=\"og:title\" content=\"\u0421\u043e\u0437\u0434\u0430\u0442\u044c \u0431\u0435\u0441\u043f\u043b\u0430\u0442\u043d\u044b\u0439 \u0430\u043a\u043a\u0430\u0443\u043d\u0442 \u0432 Merit\" \/>\n<meta property=\"og:description\" content=\"\u0410\u043a\u043a\u0430\u0443\u043d\u0442 \u0441\u043e\u0437\u0434\u0430\u0442\u044c \u043f\u0440\u043e\u0441\u0442\u043e. \u0412\u0432\u0435\u0434\u0438\u0442\u0435 \u0441\u0432\u043e\u0438 \u0434\u0430\u043d\u043d\u044b\u0435, \u043f\u043e\u0441\u043b\u0435 \u0447\u0435\u0433\u043e \u043c\u044b \u043e\u0442\u043f\u0440\u0430\u0432\u0438\u043c \u0412\u0430\u043c \u043f\u0438\u0441\u044c\u043c\u043e \u0434\u043b\u044f \u0430\u043a\u0442\u0438\u0432\u0430\u0446\u0438\u0438 \u043f\u043e\u043b\u044c\u0437\u043e\u0432\u0430\u0442\u0435\u043b\u044f. \u0412 \u0434\u0430\u043b\u044c\u043d\u0435\u0439\u0448\u0435\u043c \u0432 Merit Palk \u0438 Merit Aktiva \u043c\u043e\u0436\u043d\u043e\" \/>\n<meta property=\"og:url\" content=\"https:\/\/www.merit.ee\/ru\/sozdat-besplatnyj-akkaunt-v-merit\/\" \/>\n<meta property=\"og:site_name\" content=\"Merit Tarkvara\" \/>\n<meta property=\"article:publisher\" content=\"https:\/\/www.facebook.com\/Merit.Tarkvara\/\" \/>\n<meta property=\"article:modified_time\" content=\"2021-05-05T07:25:17+00:00\" \/>\n<meta property=\"og:image\" content=\"https:\/\/www.merit.ee\/wp-content\/uploads\/2020\/09\/merit-eesti_fbshare.jpg\" \/>\n\t<meta property=\"og:image:width\" content=\"1200\" \/>\n\t<meta property=\"og:image:height\" content=\"630\" \/>\n\t<meta property=\"og:image:type\" content=\"image\/jpeg\" \/>\n<meta name=\"twitter:card\" content=\"summary_large_image\" \/>\n<script type=\"application\/ld+json\" class=\"yoast-schema-graph\">{\"@context\":\"https:\/\/schema.org\",\"@graph\":[{\"@type\":\"WebPage\",\"@id\":\"https:\/\/www.merit.ee\/ru\/sozdat-besplatnyj-akkaunt-v-merit\/\",\"url\":\"https:\/\/www.merit.ee\/ru\/sozdat-besplatnyj-akkaunt-v-merit\/\",\"name\":\"\u0421\u043e\u0437\u0434\u0430\u0442\u044c \u0431\u0435\u0441\u043f\u043b\u0430\u0442\u043d\u044b\u0439 \u0430\u043a\u043a\u0430\u0443\u043d\u0442 \u0432 Merit &#8211; Merit Tarkvara\",\"isPartOf\":{\"@id\":\"https:\/\/www.merit.ee\/ru\/#website\"},\"datePublished\":\"2020-12-22T07:31:10+00:00\",\"dateModified\":\"2021-05-05T07:25:17+00:00\",\"description\":\"\u0410\u043a\u043a\u0430\u0443\u043d\u0442 \u0441\u043e\u0437\u0434\u0430\u0442\u044c \u043f\u0440\u043e\u0441\u0442\u043e. \u0412\u0432\u0435\u0434\u0438\u0442\u0435 \u0441\u0432\u043e\u0438 \u0434\u0430\u043d\u043d\u044b\u0435, \u043f\u043e\u0441\u043b\u0435 \u0447\u0435\u0433\u043e \u043c\u044b \u043e\u0442\u043f\u0440\u0430\u0432\u0438\u043c \u0412\u0430\u043c \u043f\u0438\u0441\u044c\u043c\u043e \u0434\u043b\u044f \u0430\u043a\u0442\u0438\u0432\u0430\u0446\u0438\u0438 \u043f\u043e\u043b\u044c\u0437\u043e\u0432\u0430\u0442\u0435\u043b\u044f. \u0412 \u0434\u0430\u043b\u044c\u043d\u0435\u0439\u0448\u0435\u043c \u0432 Merit Palk \u0438 Merit Aktiva \u043c\u043e\u0436\u043d\u043e\",\"breadcrumb\":{\"@id\":\"https:\/\/www.merit.ee\/ru\/sozdat-besplatnyj-akkaunt-v-merit\/#breadcrumb\"},\"inLanguage\":\"ru-RU\",\"potentialAction\":[{\"@type\":\"ReadAction\",\"target\":[\"https:\/\/www.merit.ee\/ru\/sozdat-besplatnyj-akkaunt-v-merit\/\"]}]},{\"@type\":\"BreadcrumbList\",\"@id\":\"https:\/\/www.merit.ee\/ru\/sozdat-besplatnyj-akkaunt-v-merit\/#breadcrumb\",\"itemListElement\":[{\"@type\":\"ListItem\",\"position\":1,\"name\":\"Home\",\"item\":\"https:\/\/www.merit.ee\/ru\/\"},{\"@type\":\"ListItem\",\"position\":2,\"name\":\"\u0421\u043e\u0437\u0434\u0430\u0442\u044c \u0431\u0435\u0441\u043f\u043b\u0430\u0442\u043d\u044b\u0439 \u0430\u043a\u043a\u0430\u0443\u043d\u0442 \u0432 Merit\"}]},{\"@type\":\"WebSite\",\"@id\":\"https:\/\/www.merit.ee\/ru\/#website\",\"url\":\"https:\/\/www.merit.ee\/ru\/\",\"name\":\"Merit Tarkvara\",\"description\":\"Helppok\u00e4ytt\u00f6inen kirjanpito-ohjelma yritt\u00e4jille ja kirjanpit\u00e4jille. Ohjelmaa k\u00e4ytet\u00e4\u00e4n yli 65 000 yrityksen kirjanpitoon ja k\u00e4yt\u00f6n voi aloittaa ilmaiseksi!\",\"publisher\":{\"@id\":\"https:\/\/www.merit.ee\/ru\/#organization\"},\"potentialAction\":[{\"@type\":\"SearchAction\",\"target\":{\"@type\":\"EntryPoint\",\"urlTemplate\":\"https:\/\/www.merit.ee\/ru\/?s={search_term_string}\"},\"query-input\":{\"@type\":\"PropertyValueSpecification\",\"valueRequired\":true,\"valueName\":\"search_term_string\"}}],\"inLanguage\":\"ru-RU\"},{\"@type\":\"Organization\",\"@id\":\"https:\/\/www.merit.ee\/ru\/#organization\",\"name\":\"Merit Tarkvara\",\"url\":\"https:\/\/www.merit.ee\/ru\/\",\"logo\":{\"@type\":\"ImageObject\",\"inLanguage\":\"ru-RU\",\"@id\":\"https:\/\/www.merit.ee\/ru\/#\/schema\/logo\/image\/\",\"url\":\"https:\/\/www.merit.ee\/wp-content\/uploads\/2022\/09\/Merit_tarkvara_logo_RGB.png\",\"contentUrl\":\"https:\/\/www.merit.ee\/wp-content\/uploads\/2022\/09\/Merit_tarkvara_logo_RGB.png\",\"width\":1891,\"height\":568,\"caption\":\"Merit Tarkvara\"},\"image\":{\"@id\":\"https:\/\/www.merit.ee\/ru\/#\/schema\/logo\/image\/\"},\"sameAs\":[\"https:\/\/www.facebook.com\/Merit.Tarkvara\/\"]}]}<\/script>\n<!-- \/ Yoast SEO Premium plugin. -->","yoast_head_json":{"title":"\u0421\u043e\u0437\u0434\u0430\u0442\u044c \u0431\u0435\u0441\u043f\u043b\u0430\u0442\u043d\u044b\u0439 \u0430\u043a\u043a\u0430\u0443\u043d\u0442 \u0432 Merit &#8211; Merit Tarkvara","description":"\u0410\u043a\u043a\u0430\u0443\u043d\u0442 \u0441\u043e\u0437\u0434\u0430\u0442\u044c \u043f\u0440\u043e\u0441\u0442\u043e. \u0412\u0432\u0435\u0434\u0438\u0442\u0435 \u0441\u0432\u043e\u0438 \u0434\u0430\u043d\u043d\u044b\u0435, \u043f\u043e\u0441\u043b\u0435 \u0447\u0435\u0433\u043e \u043c\u044b \u043e\u0442\u043f\u0440\u0430\u0432\u0438\u043c \u0412\u0430\u043c \u043f\u0438\u0441\u044c\u043c\u043e \u0434\u043b\u044f \u0430\u043a\u0442\u0438\u0432\u0430\u0446\u0438\u0438 \u043f\u043e\u043b\u044c\u0437\u043e\u0432\u0430\u0442\u0435\u043b\u044f. \u0412 \u0434\u0430\u043b\u044c\u043d\u0435\u0439\u0448\u0435\u043c \u0432 Merit Palk \u0438 Merit Aktiva \u043c\u043e\u0436\u043d\u043e","robots":{"index":"index","follow":"follow","max-snippet":"max-snippet:-1","max-image-preview":"max-image-preview:large","max-video-preview":"max-video-preview:-1"},"canonical":"https:\/\/www.merit.ee\/ru\/sozdat-besplatnyj-akkaunt-v-merit\/","og_locale":"ru_RU","og_type":"article","og_title":"\u0421\u043e\u0437\u0434\u0430\u0442\u044c \u0431\u0435\u0441\u043f\u043b\u0430\u0442\u043d\u044b\u0439 \u0430\u043a\u043a\u0430\u0443\u043d\u0442 \u0432 Merit","og_description":"\u0410\u043a\u043a\u0430\u0443\u043d\u0442 \u0441\u043e\u0437\u0434\u0430\u0442\u044c \u043f\u0440\u043e\u0441\u0442\u043e. \u0412\u0432\u0435\u0434\u0438\u0442\u0435 \u0441\u0432\u043e\u0438 \u0434\u0430\u043d\u043d\u044b\u0435, \u043f\u043e\u0441\u043b\u0435 \u0447\u0435\u0433\u043e \u043c\u044b \u043e\u0442\u043f\u0440\u0430\u0432\u0438\u043c \u0412\u0430\u043c \u043f\u0438\u0441\u044c\u043c\u043e \u0434\u043b\u044f \u0430\u043a\u0442\u0438\u0432\u0430\u0446\u0438\u0438 \u043f\u043e\u043b\u044c\u0437\u043e\u0432\u0430\u0442\u0435\u043b\u044f. \u0412 \u0434\u0430\u043b\u044c\u043d\u0435\u0439\u0448\u0435\u043c \u0432 Merit Palk \u0438 Merit Aktiva \u043c\u043e\u0436\u043d\u043e","og_url":"https:\/\/www.merit.ee\/ru\/sozdat-besplatnyj-akkaunt-v-merit\/","og_site_name":"Merit Tarkvara","article_publisher":"https:\/\/www.facebook.com\/Merit.Tarkvara\/","article_modified_time":"2021-05-05T07:25:17+00:00","og_image":[{"width":1200,"height":630,"url":"https:\/\/www.merit.ee\/wp-content\/uploads\/2020\/09\/merit-eesti_fbshare.jpg","type":"image\/jpeg"}],"twitter_card":"summary_large_image","schema":{"@context":"https:\/\/schema.org","@graph":[{"@type":"WebPage","@id":"https:\/\/www.merit.ee\/ru\/sozdat-besplatnyj-akkaunt-v-merit\/","url":"https:\/\/www.merit.ee\/ru\/sozdat-besplatnyj-akkaunt-v-merit\/","name":"\u0421\u043e\u0437\u0434\u0430\u0442\u044c \u0431\u0435\u0441\u043f\u043b\u0430\u0442\u043d\u044b\u0439 \u0430\u043a\u043a\u0430\u0443\u043d\u0442 \u0432 Merit &#8211; Merit Tarkvara","isPartOf":{"@id":"https:\/\/www.merit.ee\/ru\/#website"},"datePublished":"2020-12-22T07:31:10+00:00","dateModified":"2021-05-05T07:25:17+00:00","description":"\u0410\u043a\u043a\u0430\u0443\u043d\u0442 \u0441\u043e\u0437\u0434\u0430\u0442\u044c \u043f\u0440\u043e\u0441\u0442\u043e. \u0412\u0432\u0435\u0434\u0438\u0442\u0435 \u0441\u0432\u043e\u0438 \u0434\u0430\u043d\u043d\u044b\u0435, \u043f\u043e\u0441\u043b\u0435 \u0447\u0435\u0433\u043e \u043c\u044b \u043e\u0442\u043f\u0440\u0430\u0432\u0438\u043c \u0412\u0430\u043c \u043f\u0438\u0441\u044c\u043c\u043e \u0434\u043b\u044f \u0430\u043a\u0442\u0438\u0432\u0430\u0446\u0438\u0438 \u043f\u043e\u043b\u044c\u0437\u043e\u0432\u0430\u0442\u0435\u043b\u044f. \u0412 \u0434\u0430\u043b\u044c\u043d\u0435\u0439\u0448\u0435\u043c \u0432 Merit Palk \u0438 Merit Aktiva \u043c\u043e\u0436\u043d\u043e","breadcrumb":{"@id":"https:\/\/www.merit.ee\/ru\/sozdat-besplatnyj-akkaunt-v-merit\/#breadcrumb"},"inLanguage":"ru-RU","potentialAction":[{"@type":"ReadAction","target":["https:\/\/www.merit.ee\/ru\/sozdat-besplatnyj-akkaunt-v-merit\/"]}]},{"@type":"BreadcrumbList","@id":"https:\/\/www.merit.ee\/ru\/sozdat-besplatnyj-akkaunt-v-merit\/#breadcrumb","itemListElement":[{"@type":"ListItem","position":1,"name":"Home","item":"https:\/\/www.merit.ee\/ru\/"},{"@type":"ListItem","position":2,"name":"\u0421\u043e\u0437\u0434\u0430\u0442\u044c \u0431\u0435\u0441\u043f\u043b\u0430\u0442\u043d\u044b\u0439 \u0430\u043a\u043a\u0430\u0443\u043d\u0442 \u0432 Merit"}]},{"@type":"WebSite","@id":"https:\/\/www.merit.ee\/ru\/#website","url":"https:\/\/www.merit.ee\/ru\/","name":"Merit Tarkvara","description":"Helppok\u00e4ytt\u00f6inen kirjanpito-ohjelma yritt\u00e4jille ja kirjanpit\u00e4jille. Ohjelmaa k\u00e4ytet\u00e4\u00e4n yli 65 000 yrityksen kirjanpitoon ja k\u00e4yt\u00f6n voi aloittaa ilmaiseksi!","publisher":{"@id":"https:\/\/www.merit.ee\/ru\/#organization"},"potentialAction":[{"@type":"SearchAction","target":{"@type":"EntryPoint","urlTemplate":"https:\/\/www.merit.ee\/ru\/?s={search_term_string}"},"query-input":{"@type":"PropertyValueSpecification","valueRequired":true,"valueName":"search_term_string"}}],"inLanguage":"ru-RU"},{"@type":"Organization","@id":"https:\/\/www.merit.ee\/ru\/#organization","name":"Merit Tarkvara","url":"https:\/\/www.merit.ee\/ru\/","logo":{"@type":"ImageObject","inLanguage":"ru-RU","@id":"https:\/\/www.merit.ee\/ru\/#\/schema\/logo\/image\/","url":"https:\/\/www.merit.ee\/wp-content\/uploads\/2022\/09\/Merit_tarkvara_logo_RGB.png","contentUrl":"https:\/\/www.merit.ee\/wp-content\/uploads\/2022\/09\/Merit_tarkvara_logo_RGB.png","width":1891,"height":568,"caption":"Merit Tarkvara"},"image":{"@id":"https:\/\/www.merit.ee\/ru\/#\/schema\/logo\/image\/"},"sameAs":["https:\/\/www.facebook.com\/Merit.Tarkvara\/"]}]}},"_links":{"self":[{"href":"https:\/\/www.merit.ee\/ru\/wp-json\/wp\/v2\/pages\/93826","targetHints":{"allow":["GET"]}}],"collection":[{"href":"https:\/\/www.merit.ee\/ru\/wp-json\/wp\/v2\/pages"}],"about":[{"href":"https:\/\/www.merit.ee\/ru\/wp-json\/wp\/v2\/types\/page"}],"author":[{"embeddable":true,"href":"https:\/\/www.merit.ee\/ru\/wp-json\/wp\/v2\/users\/11"}],"replies":[{"embeddable":true,"href":"https:\/\/www.merit.ee\/ru\/wp-json\/wp\/v2\/comments?post=93826"}],"version-history":[{"count":2,"href":"https:\/\/www.merit.ee\/ru\/wp-json\/wp\/v2\/pages\/93826\/revisions"}],"predecessor-version":[{"id":106542,"href":"https:\/\/www.merit.ee\/ru\/wp-json\/wp\/v2\/pages\/93826\/revisions\/106542"}],"wp:attachment":[{"href":"https:\/\/www.merit.ee\/ru\/wp-json\/wp\/v2\/media?parent=93826"}],"curies":[{"name":"wp","href":"https:\/\/api.w.org\/{rel}","templated":true}]}}