{"id":93852,"date":"2020-12-22T07:42:17","date_gmt":"2020-12-22T07:42:17","guid":{"rendered":"https:\/\/www.merit.ee\/windows-%d0%b2%d0%b5%d1%80%d1%81%d0%b8%d0%b8-merit-aktiva-%d0%b8-merit-palk\/"},"modified":"2021-01-05T12:45:57","modified_gmt":"2021-01-05T12:45:57","slug":"windows-versii-merit-aktiva-i-merit-palk","status":"publish","type":"page","link":"https:\/\/www.merit.ee\/ru\/windows-versii-merit-aktiva-i-merit-palk\/","title":{"rendered":"Windows-\u0432\u0435\u0440\u0441\u0438\u0438 Merit Aktiva \u0438 Merit Palk"},"content":{"rendered":"<h3 style=\"text-align: center;\">\u041f\u043e\u0441\u043b\u0435\u0434\u043d\u044f\u044f Windows-\u0432\u0435\u0440\u0441\u0438\u044f Merit Aktiva<\/h3>\n<p style=\"text-align: center;\"><strong><a href=\"https:\/\/download2.merit.ee\/allalaadimine\/meritaktiva\/aktivasetup.exe\">Merit Aktiva<\/a><\/strong><\/p>\n<h3 style=\"text-align: center;\"><\/h3>\n<h3 style=\"text-align: center;\">\u041f\u043e\u0441\u043b\u0435\u0434\u043d\u044f\u044f Windows-\u0432\u0435\u0440\u0441\u0438\u044f Merit Palk<\/h3>\n<p style=\"text-align: center;\"><strong><a href=\"https:\/\/download2.merit.ee\/allalaadimine\/meritpalk\/palk80.exe\">Merit Palk<\/a><\/strong><\/p>\n<hr \/>\n<h4 style=\"text-align: center;\">\u0421\u0442\u0430\u0440\u044b\u0435 Windows-\u0432\u0435\u0440\u0441\u0438\u0438 Merit Aktiva<\/h4>\n<p style=\"text-align: center;\"><a href=\"https:\/\/www.merit.ee\/allalaadimine\/meritaktiva\/aktivasetup2012.exe\">Merit Aktiva 2012<\/a>, <a href=\"https:\/\/www.merit.ee\/allalaadimine\/meritaktiva\/aktivasetup2011.exe\">Merit Aktiva 2011<\/a>, <a href=\"https:\/\/www.merit.ee\/allalaadimine\/meritaktiva\/aktivasetup2010.exe\">Merit Aktiva 2010<\/a>, <a href=\"https:\/\/www.merit.ee\/allalaadimine\/meritaktiva\/aktivasetup2009.exe\">Merit Aktiva 2009<\/a>, <a href=\"https:\/\/www.merit.ee\/allalaadimine\/meritaktiva\/aktivasetup2008.exe\">Merit Aktiva 2008<\/a>,<\/p>\n<p style=\"text-align: center;\"><a href=\"https:\/\/www.merit.ee\/allalaadimine\/meritaktiva\/aktivasetup2007.exe\">Merit Aktiva 2007<\/a>, <a href=\"https:\/\/www.merit.ee\/allalaadimine\/meritaktiva\/aktivasetup2006.exe\">Merit Aktiva 2006<\/a>, <a href=\"https:\/\/www.merit.ee\/allalaadimine\/meritaktiva\/aktivasetup2005.exe\">Merit Aktiva 2005<\/a>, <a href=\"https:\/\/www.merit.ee\/allalaadimine\/meritaktiva\/aktivasetup2004.exe\">Merit Aktiva 2004<\/a>, <a href=\"https:\/\/www.merit.ee\/allalaadimine\/meritaktiva\/aktivasetup2003.exe\">Merit Aktiva 2003<\/a><\/p>\n<h3 style=\"text-align: center;\"><\/h3>\n<h4 style=\"text-align: center;\">\u0421\u0442\u0430\u0440\u044b\u0435 Windows-\u0432\u0435\u0440\u0441\u0438\u0438 Merit Palk<\/h4>\n<p style=\"text-align: center;\"><a href=\"https:\/\/www.merit.ee\/allalaadimine\/meritpalk\/palksetup2012.exe\">Merit Palk 2012<\/a>, <a href=\"https:\/\/www.merit.ee\/allalaadimine\/meritpalk\/palksetup2011.exe\">Merit Palk 2011<\/a>, <a href=\"https:\/\/www.merit.ee\/allalaadimine\/meritpalk\/palksetup2010.exe\">Merit Palk 2010<\/a>, <a href=\"https:\/\/www.merit.ee\/allalaadimine\/meritpalk\/palksetup2009.exe\">Merit Palk 2009<\/a>, <a href=\"https:\/\/www.merit.ee\/allalaadimine\/meritpalk\/palksetup2008.exe\">Merit Palk 2008<\/a>,<\/p>\n<p style=\"text-align: center;\"><a href=\"https:\/\/www.merit.ee\/allalaadimine\/meritpalk\/palksetup2007.exe\">Merit Palk 2007<\/a>, <a href=\"https:\/\/www.merit.ee\/allalaadimine\/meritpalk\/palksetup2006.exe\">Merit Palk 2006<\/a>, <a href=\"https:\/\/www.merit.ee\/allalaadimine\/meritpalk\/palksetup2005.exe\">Merit Palk 2005<\/a>, <a href=\"https:\/\/www.merit.ee\/allalaadimine\/meritpalk\/palksetup2004.exe\">Merit Palk 2004<\/a><\/p>\n<p style=\"text-align: center;\">\u0414\u043b\u044f \u043f\u043e\u043b\u044c\u0437\u043e\u0432\u0430\u043d\u0438\u044f \u043b\u044e\u0431\u043e\u0439 \u0438\u0437 \u0432\u0435\u0440\u0441\u0438\u0439 \u0442\u0440\u0435\u0431\u0443\u0435\u0442\u0441\u044f \u043b\u0438\u0446\u0435\u043d\u0437\u0438\u043e\u043d\u043d\u044b\u0439 \u043a\u043b\u044e\u0447 \u0441\u043e\u043e\u0442\u0432\u0435\u0442\u0441\u0442\u0432\u0443\u044e\u0449\u0435\u0433\u043e \u0433\u043e\u0434\u0430.<\/p>\n","protected":false},"excerpt":{"rendered":"<p>\u041f\u043e\u0441\u043b\u0435\u0434\u043d\u044f\u044f Windows-\u0432\u0435\u0440\u0441\u0438\u044f Merit Aktiva Merit Aktiva \u041f\u043e\u0441\u043b\u0435\u0434\u043d\u044f\u044f Windows-\u0432\u0435\u0440\u0441\u0438\u044f Merit Palk Merit Palk \u0421\u0442\u0430\u0440\u044b\u0435 Windows-\u0432\u0435\u0440\u0441\u0438\u0438 Merit Aktiva Merit Aktiva 2012,&#8230;<\/p>\n","protected":false},"author":11,"featured_media":0,"parent":0,"menu_order":0,"comment_status":"closed","ping_status":"closed","template":"template-thankyou.php","meta":{"_acf_changed":false,"footnotes":""},"class_list":["post-93852","page","type-page","status-publish","hentry"],"acf":[],"yoast_head":"<!-- This site is optimized with the Yoast SEO Premium plugin v27.1 (Yoast SEO v27.1.1) - https:\/\/yoast.com\/product\/yoast-seo-premium-wordpress\/ -->\n<title>Windows-\u0432\u0435\u0440\u0441\u0438\u0438 Merit Aktiva \u0438 Merit Palk &#8211; Merit Tarkvara<\/title>\n<meta name=\"description\" content=\"\u041f\u043e\u0441\u043b\u0435\u0434\u043d\u044f\u044f Windows-\u0432\u0435\u0440\u0441\u0438\u044f Merit Aktiva Merit Aktiva \u041f\u043e\u0441\u043b\u0435\u0434\u043d\u044f\u044f Windows-\u0432\u0435\u0440\u0441\u0438\u044f Merit Palk Merit Palk \u0421\u0442\u0430\u0440\u044b\u0435 Windows-\u0432\u0435\u0440\u0441\u0438\u0438 Merit Aktiva Merit Aktiva 2012,\" \/>\n<meta name=\"robots\" content=\"index, follow, max-snippet:-1, max-image-preview:large, max-video-preview:-1\" \/>\n<link rel=\"canonical\" href=\"https:\/\/www.merit.ee\/ru\/windows-versii-merit-aktiva-i-merit-palk\/\" \/>\n<meta property=\"og:locale\" content=\"ru_RU\" \/>\n<meta property=\"og:type\" content=\"article\" \/>\n<meta property=\"og:title\" content=\"Windows-\u0432\u0435\u0440\u0441\u0438\u0438 Merit Aktiva \u0438 Merit Palk\" \/>\n<meta property=\"og:description\" content=\"\u041f\u043e\u0441\u043b\u0435\u0434\u043d\u044f\u044f Windows-\u0432\u0435\u0440\u0441\u0438\u044f Merit Aktiva Merit Aktiva \u041f\u043e\u0441\u043b\u0435\u0434\u043d\u044f\u044f Windows-\u0432\u0435\u0440\u0441\u0438\u044f Merit Palk Merit Palk \u0421\u0442\u0430\u0440\u044b\u0435 Windows-\u0432\u0435\u0440\u0441\u0438\u0438 Merit Aktiva Merit Aktiva 2012,\" \/>\n<meta property=\"og:url\" content=\"https:\/\/www.merit.ee\/ru\/windows-versii-merit-aktiva-i-merit-palk\/\" \/>\n<meta property=\"og:site_name\" content=\"Merit Tarkvara\" \/>\n<meta property=\"article:publisher\" content=\"https:\/\/www.facebook.com\/Merit.Tarkvara\/\" \/>\n<meta property=\"article:modified_time\" content=\"2021-01-05T12:45:57+00:00\" \/>\n<meta property=\"og:image\" content=\"https:\/\/www.merit.ee\/wp-content\/uploads\/2020\/09\/merit-eesti_fbshare.jpg\" \/>\n\t<meta property=\"og:image:width\" content=\"1200\" \/>\n\t<meta property=\"og:image:height\" content=\"630\" \/>\n\t<meta property=\"og:image:type\" content=\"image\/jpeg\" \/>\n<meta name=\"twitter:card\" content=\"summary_large_image\" \/>\n<script type=\"application\/ld+json\" class=\"yoast-schema-graph\">{\"@context\":\"https:\/\/schema.org\",\"@graph\":[{\"@type\":\"WebPage\",\"@id\":\"https:\/\/www.merit.ee\/ru\/windows-versii-merit-aktiva-i-merit-palk\/\",\"url\":\"https:\/\/www.merit.ee\/ru\/windows-versii-merit-aktiva-i-merit-palk\/\",\"name\":\"Windows-\u0432\u0435\u0440\u0441\u0438\u0438 Merit Aktiva \u0438 Merit Palk &#8211; Merit Tarkvara\",\"isPartOf\":{\"@id\":\"https:\/\/www.merit.ee\/ru\/#website\"},\"datePublished\":\"2020-12-22T07:42:17+00:00\",\"dateModified\":\"2021-01-05T12:45:57+00:00\",\"description\":\"\u041f\u043e\u0441\u043b\u0435\u0434\u043d\u044f\u044f Windows-\u0432\u0435\u0440\u0441\u0438\u044f Merit Aktiva Merit Aktiva \u041f\u043e\u0441\u043b\u0435\u0434\u043d\u044f\u044f Windows-\u0432\u0435\u0440\u0441\u0438\u044f Merit Palk Merit Palk \u0421\u0442\u0430\u0440\u044b\u0435 Windows-\u0432\u0435\u0440\u0441\u0438\u0438 Merit Aktiva Merit Aktiva 2012,\",\"breadcrumb\":{\"@id\":\"https:\/\/www.merit.ee\/ru\/windows-versii-merit-aktiva-i-merit-palk\/#breadcrumb\"},\"inLanguage\":\"ru-RU\",\"potentialAction\":[{\"@type\":\"ReadAction\",\"target\":[\"https:\/\/www.merit.ee\/ru\/windows-versii-merit-aktiva-i-merit-palk\/\"]}]},{\"@type\":\"BreadcrumbList\",\"@id\":\"https:\/\/www.merit.ee\/ru\/windows-versii-merit-aktiva-i-merit-palk\/#breadcrumb\",\"itemListElement\":[{\"@type\":\"ListItem\",\"position\":1,\"name\":\"Home\",\"item\":\"https:\/\/www.merit.ee\/ru\/\"},{\"@type\":\"ListItem\",\"position\":2,\"name\":\"Windows-\u0432\u0435\u0440\u0441\u0438\u0438 Merit Aktiva \u0438 Merit Palk\"}]},{\"@type\":\"WebSite\",\"@id\":\"https:\/\/www.merit.ee\/ru\/#website\",\"url\":\"https:\/\/www.merit.ee\/ru\/\",\"name\":\"Merit Tarkvara\",\"description\":\"Helppok\u00e4ytt\u00f6inen kirjanpito-ohjelma yritt\u00e4jille ja kirjanpit\u00e4jille. Ohjelmaa k\u00e4ytet\u00e4\u00e4n yli 65 000 yrityksen kirjanpitoon ja k\u00e4yt\u00f6n voi aloittaa ilmaiseksi!\",\"publisher\":{\"@id\":\"https:\/\/www.merit.ee\/ru\/#organization\"},\"potentialAction\":[{\"@type\":\"SearchAction\",\"target\":{\"@type\":\"EntryPoint\",\"urlTemplate\":\"https:\/\/www.merit.ee\/ru\/?s={search_term_string}\"},\"query-input\":{\"@type\":\"PropertyValueSpecification\",\"valueRequired\":true,\"valueName\":\"search_term_string\"}}],\"inLanguage\":\"ru-RU\"},{\"@type\":\"Organization\",\"@id\":\"https:\/\/www.merit.ee\/ru\/#organization\",\"name\":\"Merit Tarkvara\",\"url\":\"https:\/\/www.merit.ee\/ru\/\",\"logo\":{\"@type\":\"ImageObject\",\"inLanguage\":\"ru-RU\",\"@id\":\"https:\/\/www.merit.ee\/ru\/#\/schema\/logo\/image\/\",\"url\":\"https:\/\/www.merit.ee\/wp-content\/uploads\/2022\/09\/Merit_tarkvara_logo_RGB.png\",\"contentUrl\":\"https:\/\/www.merit.ee\/wp-content\/uploads\/2022\/09\/Merit_tarkvara_logo_RGB.png\",\"width\":1891,\"height\":568,\"caption\":\"Merit Tarkvara\"},\"image\":{\"@id\":\"https:\/\/www.merit.ee\/ru\/#\/schema\/logo\/image\/\"},\"sameAs\":[\"https:\/\/www.facebook.com\/Merit.Tarkvara\/\"]}]}<\/script>\n<!-- \/ Yoast SEO Premium plugin. -->","yoast_head_json":{"title":"Windows-\u0432\u0435\u0440\u0441\u0438\u0438 Merit Aktiva \u0438 Merit Palk &#8211; Merit Tarkvara","description":"\u041f\u043e\u0441\u043b\u0435\u0434\u043d\u044f\u044f Windows-\u0432\u0435\u0440\u0441\u0438\u044f Merit Aktiva Merit Aktiva \u041f\u043e\u0441\u043b\u0435\u0434\u043d\u044f\u044f Windows-\u0432\u0435\u0440\u0441\u0438\u044f Merit Palk Merit Palk \u0421\u0442\u0430\u0440\u044b\u0435 Windows-\u0432\u0435\u0440\u0441\u0438\u0438 Merit Aktiva Merit Aktiva 2012,","robots":{"index":"index","follow":"follow","max-snippet":"max-snippet:-1","max-image-preview":"max-image-preview:large","max-video-preview":"max-video-preview:-1"},"canonical":"https:\/\/www.merit.ee\/ru\/windows-versii-merit-aktiva-i-merit-palk\/","og_locale":"ru_RU","og_type":"article","og_title":"Windows-\u0432\u0435\u0440\u0441\u0438\u0438 Merit Aktiva \u0438 Merit Palk","og_description":"\u041f\u043e\u0441\u043b\u0435\u0434\u043d\u044f\u044f Windows-\u0432\u0435\u0440\u0441\u0438\u044f Merit Aktiva Merit Aktiva \u041f\u043e\u0441\u043b\u0435\u0434\u043d\u044f\u044f Windows-\u0432\u0435\u0440\u0441\u0438\u044f Merit Palk Merit Palk \u0421\u0442\u0430\u0440\u044b\u0435 Windows-\u0432\u0435\u0440\u0441\u0438\u0438 Merit Aktiva Merit Aktiva 2012,","og_url":"https:\/\/www.merit.ee\/ru\/windows-versii-merit-aktiva-i-merit-palk\/","og_site_name":"Merit Tarkvara","article_publisher":"https:\/\/www.facebook.com\/Merit.Tarkvara\/","article_modified_time":"2021-01-05T12:45:57+00:00","og_image":[{"width":1200,"height":630,"url":"https:\/\/www.merit.ee\/wp-content\/uploads\/2020\/09\/merit-eesti_fbshare.jpg","type":"image\/jpeg"}],"twitter_card":"summary_large_image","schema":{"@context":"https:\/\/schema.org","@graph":[{"@type":"WebPage","@id":"https:\/\/www.merit.ee\/ru\/windows-versii-merit-aktiva-i-merit-palk\/","url":"https:\/\/www.merit.ee\/ru\/windows-versii-merit-aktiva-i-merit-palk\/","name":"Windows-\u0432\u0435\u0440\u0441\u0438\u0438 Merit Aktiva \u0438 Merit Palk &#8211; Merit Tarkvara","isPartOf":{"@id":"https:\/\/www.merit.ee\/ru\/#website"},"datePublished":"2020-12-22T07:42:17+00:00","dateModified":"2021-01-05T12:45:57+00:00","description":"\u041f\u043e\u0441\u043b\u0435\u0434\u043d\u044f\u044f Windows-\u0432\u0435\u0440\u0441\u0438\u044f Merit Aktiva Merit Aktiva \u041f\u043e\u0441\u043b\u0435\u0434\u043d\u044f\u044f Windows-\u0432\u0435\u0440\u0441\u0438\u044f Merit Palk Merit Palk \u0421\u0442\u0430\u0440\u044b\u0435 Windows-\u0432\u0435\u0440\u0441\u0438\u0438 Merit Aktiva Merit Aktiva 2012,","breadcrumb":{"@id":"https:\/\/www.merit.ee\/ru\/windows-versii-merit-aktiva-i-merit-palk\/#breadcrumb"},"inLanguage":"ru-RU","potentialAction":[{"@type":"ReadAction","target":["https:\/\/www.merit.ee\/ru\/windows-versii-merit-aktiva-i-merit-palk\/"]}]},{"@type":"BreadcrumbList","@id":"https:\/\/www.merit.ee\/ru\/windows-versii-merit-aktiva-i-merit-palk\/#breadcrumb","itemListElement":[{"@type":"ListItem","position":1,"name":"Home","item":"https:\/\/www.merit.ee\/ru\/"},{"@type":"ListItem","position":2,"name":"Windows-\u0432\u0435\u0440\u0441\u0438\u0438 Merit Aktiva \u0438 Merit Palk"}]},{"@type":"WebSite","@id":"https:\/\/www.merit.ee\/ru\/#website","url":"https:\/\/www.merit.ee\/ru\/","name":"Merit Tarkvara","description":"Helppok\u00e4ytt\u00f6inen kirjanpito-ohjelma yritt\u00e4jille ja kirjanpit\u00e4jille. Ohjelmaa k\u00e4ytet\u00e4\u00e4n yli 65 000 yrityksen kirjanpitoon ja k\u00e4yt\u00f6n voi aloittaa ilmaiseksi!","publisher":{"@id":"https:\/\/www.merit.ee\/ru\/#organization"},"potentialAction":[{"@type":"SearchAction","target":{"@type":"EntryPoint","urlTemplate":"https:\/\/www.merit.ee\/ru\/?s={search_term_string}"},"query-input":{"@type":"PropertyValueSpecification","valueRequired":true,"valueName":"search_term_string"}}],"inLanguage":"ru-RU"},{"@type":"Organization","@id":"https:\/\/www.merit.ee\/ru\/#organization","name":"Merit Tarkvara","url":"https:\/\/www.merit.ee\/ru\/","logo":{"@type":"ImageObject","inLanguage":"ru-RU","@id":"https:\/\/www.merit.ee\/ru\/#\/schema\/logo\/image\/","url":"https:\/\/www.merit.ee\/wp-content\/uploads\/2022\/09\/Merit_tarkvara_logo_RGB.png","contentUrl":"https:\/\/www.merit.ee\/wp-content\/uploads\/2022\/09\/Merit_tarkvara_logo_RGB.png","width":1891,"height":568,"caption":"Merit Tarkvara"},"image":{"@id":"https:\/\/www.merit.ee\/ru\/#\/schema\/logo\/image\/"},"sameAs":["https:\/\/www.facebook.com\/Merit.Tarkvara\/"]}]}},"_links":{"self":[{"href":"https:\/\/www.merit.ee\/ru\/wp-json\/wp\/v2\/pages\/93852","targetHints":{"allow":["GET"]}}],"collection":[{"href":"https:\/\/www.merit.ee\/ru\/wp-json\/wp\/v2\/pages"}],"about":[{"href":"https:\/\/www.merit.ee\/ru\/wp-json\/wp\/v2\/types\/page"}],"author":[{"embeddable":true,"href":"https:\/\/www.merit.ee\/ru\/wp-json\/wp\/v2\/users\/11"}],"replies":[{"embeddable":true,"href":"https:\/\/www.merit.ee\/ru\/wp-json\/wp\/v2\/comments?post=93852"}],"version-history":[{"count":1,"href":"https:\/\/www.merit.ee\/ru\/wp-json\/wp\/v2\/pages\/93852\/revisions"}],"predecessor-version":[{"id":94031,"href":"https:\/\/www.merit.ee\/ru\/wp-json\/wp\/v2\/pages\/93852\/revisions\/94031"}],"wp:attachment":[{"href":"https:\/\/www.merit.ee\/ru\/wp-json\/wp\/v2\/media?parent=93852"}],"curies":[{"name":"wp","href":"https:\/\/api.w.org\/{rel}","templated":true}]}}